{"id":631,"date":"2019-05-17T14:47:15","date_gmt":"2019-05-17T12:47:15","guid":{"rendered":"http:\/\/terraegenesis.org\/?page_id=631"},"modified":"2025-12-19T15:31:47","modified_gmt":"2025-12-19T14:31:47","slug":"info-pratique","status":"publish","type":"page","link":"https:\/\/terraegenesis.org\/?page_id=631","title":{"rendered":"Infos Pratiques"},"content":{"rendered":"\n<figure class=\"wp-block-image alignfull size-large ticss-72bbdb93\"><img decoding=\"async\" loading=\"lazy\" width=\"1024\" height=\"431\" src=\"http:\/\/terraegenesis.org\/wp-content\/uploads\/2019\/05\/he1-1024x431.jpg\" alt=\"\" class=\"wp-image-403\" srcset=\"https:\/\/terraegenesis.org\/wp-content\/uploads\/2019\/05\/he1-1024x431.jpg 1024w, https:\/\/terraegenesis.org\/wp-content\/uploads\/2019\/05\/he1-300x126.jpg 300w, https:\/\/terraegenesis.org\/wp-content\/uploads\/2019\/05\/he1-768x323.jpg 768w\" sizes=\"(max-width: 1024px) 100vw, 1024px\" \/><\/figure>\n\n\n\n<div style=\"height:50px\" aria-hidden=\"true\" class=\"wp-block-spacer\"><\/div>\n\n\n\n<h1 class=\"has-text-align-center has-text-color\" style=\"color:#5aaee3\">Informations pratiques<\/h1>\n\n\n\n<div style=\"height:50px\" aria-hidden=\"true\" class=\"wp-block-spacer\"><\/div>\n\n\n\n<p class=\"has-text-align-center\" style=\"font-size:30px\"><\/p>\n\n\n\n<div style=\"height:50px\" aria-hidden=\"true\" class=\"wp-block-spacer\"><\/div>\n\n\n\n<div class=\"is-layout-flex wp-container-14 wp-block-columns\">\n<div class=\"is-layout-flow wp-block-column\" style=\"flex-basis:25%\"><\/div>\n\n\n\n<div class=\"is-layout-flow wp-block-column\" style=\"flex-basis:50%\">\n<div class=\"is-layout-flex wp-container-11 wp-block-columns\">\n<div class=\"is-layout-flow wp-block-column\">\n<h2 class=\"has-text-align-center\">Horaires du mus\u00e9e<\/h2>\n\n\n\n<p class=\"has-text-align-center has-medium-font-size\"> <b style=\"font-size: inherit;\">De avril \u00e0 octobre<\/b> <\/p>\n\n\n\n<p class=\"has-text-align-center has-medium-font-size\"><b style=\"font-size: inherit;\">  <\/b><\/p>\n\n\n\n<p class=\"has-text-align-center has-medium-font-size\"><b style=\"font-size: inherit;\">Du Lundi au Vendredi : <\/b><\/p>\n\n\n\n<p class=\"has-text-align-center has-medium-font-size\"><strong>de 14h00 \u00e0 18h00<\/strong><\/p>\n\n\n\n<div class=\"is-layout-flex wp-container-2 wp-block-columns\"><\/div>\n\n\n\n<h6 class=\"has-text-align-center has-medium-font-size\"><strong>De novembre \u00e0 mars<\/strong><\/h6>\n\n\n\n<p class=\"has-text-align-center has-medium-font-size\"><strong> Uniquement<\/strong> <strong>pendant les vacances scolaires<\/strong>\u00a0.<\/p>\n\n\n\n<h6 class=\"has-text-align-center has-medium-font-size\"><strong>Du Lundi au Vendredi : de 14h00 \u00e0 18h00<\/strong> <\/h6>\n\n\n\n<p><\/p>\n\n\n\n<p class=\"has-text-align-center has-medium-font-size\">Derni\u00e8re entr\u00e9e pour la visite du mus\u00e9e \u00e0 17H00<\/p>\n\n\n\n<div class=\"is-layout-flex wp-container-6 wp-block-columns\">\n<div class=\"is-layout-flow wp-block-column\" style=\"flex-basis:25%\"><\/div>\n\n\n\n<div class=\"is-layout-flow wp-block-column\" style=\"flex-basis:50%\"><\/div>\n\n\n\n<div class=\"is-layout-flow wp-block-column\" style=\"flex-basis:25%\"><\/div>\n<\/div>\n\n\n\n<p class=\"has-text-align-center has-medium-font-size\"><strong>La boutique est<\/strong> <strong>ouverte toute l&rsquo;ann\u00e9e de 14h00-18h00<\/strong><\/p>\n<\/div>\n\n\n\n<div class=\"is-layout-flow wp-block-column\">\n<h2 class=\"has-text-align-center\">Tarifs<\/h2>\n\n\n\n<p class=\"has-text-align-center has-medium-font-size\"><strong>Individuels<\/strong><\/p>\n\n\n\n<p class=\"has-text-align-center has-medium-font-size\">Adultes : 8 \u20ac<\/p>\n\n\n\n<p class=\"has-text-align-center has-medium-font-size\">Enfants (10 \u00e0 18 ans ) :&nbsp;5 \u20ac<\/p>\n\n\n\n<p class=\"has-text-align-center has-medium-font-size\">\u00c9tudiants et&nbsp;personnes<br>\u00e0 mobilit\u00e9 r\u00e9duite : 5 \u20ac<\/p>\n\n\n\n<p class=\"has-text-align-center has-medium-font-size\">Moins de 10 ans :&nbsp;gratuit<\/p>\n\n\n\n<p class=\"has-text-align-center has-medium-font-size\">Carte Multipass+, ZAP :&nbsp;gratuit<\/p>\n\n\n\n<p class=\"has-text-align-center has-medium-font-size\"><strong>Famille<\/strong><\/p>\n\n\n\n<p class=\"has-text-align-center has-medium-font-size\">&nbsp;2 adultes et enfants : 20 \u20ac<\/p>\n<\/div>\n\n\n\n<div class=\"is-layout-flow wp-block-column\" style=\"flex-basis:15px\"><\/div>\n\n\n\n<div class=\"is-layout-flow wp-block-column\">\n<h2 class=\"has-text-align-center\"> Label Famille plus en partenariat avec La Bresse Hautes Vosges <\/h2>\n\n\n\n<p class=\"has-text-align-center has-medium-font-size\"> <\/p>\n\n\n\n<p class=\"has-text-align-center has-small-font-size\"> <\/p>\n\n\n<div class=\"wp-block-image\">\n<figure class=\"aligncenter size-large is-resized\"><a href=\"http:\/\/terraegenesis.org\/wp-content\/uploads\/2025\/12\/Engagement-Famille-1-scaled.jpg\"><img decoding=\"async\" loading=\"lazy\" src=\"https:\/\/terraegenesis.org\/wp-content\/uploads\/2025\/12\/Engagement-Famille-1-724x1024.jpg\" alt=\"\" class=\"wp-image-4879\" width=\"162\" height=\"226\"\/><\/a><\/figure><\/div><\/div>\n<\/div>\n<\/div>\n\n\n\n<div class=\"is-layout-flow wp-block-column\" style=\"flex-basis:25%\"><\/div>\n<\/div>\n\n\n\n<div style=\"height:50px\" aria-hidden=\"true\" class=\"wp-block-spacer\"><\/div>\n\n\n\n<div class=\"is-layout-flex wp-container-25 wp-block-columns\">\n<div class=\"is-layout-flow wp-block-column\" style=\"flex-basis:25%\"><\/div>\n\n\n\n<div class=\"is-layout-flow wp-block-column\"><\/div>\n\n\n\n<div class=\"is-layout-flow wp-block-column\"><\/div>\n\n\n\n<div class=\"is-layout-flow wp-block-column\" style=\"flex-basis:50%\">\n<p class=\"has-medium-font-size\"><\/p>\n\n\n\n<div class=\"is-layout-flex wp-container-22 wp-block-columns\">\n<div class=\"is-layout-flow wp-block-column\" style=\"flex-basis:33.33%\">\n<p class=\"has-text-align-center\"><iframe frameborder=\"0\" scrolling=\"no\" marginheight=\"0\" marginwidth=\"0\" src=\"https:\/\/maps.google.com\/maps?q=Terrae%20genesis&amp;t=m&amp;z=10&amp;output=embed&amp;iwloc=near\" aria-label=\"Terrae genesis\"><\/iframe><\/p>\n<\/div>\n\n\n\n<div class=\"is-layout-flow wp-block-column\"><\/div>\n\n\n\n<div class=\"is-layout-flow wp-block-column\"><\/div>\n\n\n\n<div class=\"is-layout-flow wp-block-column\" style=\"flex-basis:66.66%\">\n<p style=\"font-size:17px\">La visite est libre avec audioguide et dure au minimum 1 h 30.<\/p>\n\n\n\n<p style=\"font-size:17px\">La boutique et le parc ext\u00e9rieur ferment \u00e9galement leurs portes&nbsp;\u00e0 18h.&nbsp;<\/p>\n\n\n\n<p style=\"font-size:17px\"><em>Toute l&rsquo;ann\u00e9e pour les groupes et scolaires sur rendez-vous.<\/em><\/p>\n<\/div>\n<\/div>\n<\/div>\n\n\n\n<div class=\"is-layout-flow wp-block-column\" style=\"flex-basis:25%\"><\/div>\n<\/div>\n\n\n\n<div class=\"is-layout-constrained wp-block-group\"><div class=\"wp-block-group__inner-container\">\n<p class=\"has-text-align-center\"><\/p>\n\n\n\n<p class=\"has-text-align-center\"><\/p>\n<\/div><\/div>\n\n\n\n<div class=\"is-layout-flex wp-container-31 wp-block-columns\">\n<div class=\"is-layout-flow wp-block-column\">\n<div class=\"is-layout-flex wp-container-29 wp-block-columns\">\n<div class=\"is-layout-flow wp-block-column\" style=\"flex-basis:15px\"><\/div>\n\n\n\n<div class=\"is-layout-flow wp-block-column is-vertically-aligned-top\"><\/div>\n<\/div>\n<\/div>\n<\/div>\n","protected":false},"excerpt":{"rendered":"<p>Informations pratiques Horaires du mus\u00e9e De avril \u00e0 octobre Du Lundi au Vendredi : de 14h00 \u00e0 18h00 De novembre \u00e0 mars Uniquement pendant les vacances scolaires\u00a0. Du Lundi au Vendredi : de 14h00 \u00e0 18h00 Derni\u00e8re entr\u00e9e pour la visite du mus\u00e9e \u00e0 17H00 La boutique est ouverte toute [&hellip;]<\/p>\n","protected":false},"author":3,"featured_media":0,"parent":0,"menu_order":0,"comment_status":"closed","ping_status":"closed","template":"page-templates\/template-pagebuilder-full-width.php","meta":[],"_links":{"self":[{"href":"https:\/\/terraegenesis.org\/index.php?rest_route=\/wp\/v2\/pages\/631"}],"collection":[{"href":"https:\/\/terraegenesis.org\/index.php?rest_route=\/wp\/v2\/pages"}],"about":[{"href":"https:\/\/terraegenesis.org\/index.php?rest_route=\/wp\/v2\/types\/page"}],"author":[{"embeddable":true,"href":"https:\/\/terraegenesis.org\/index.php?rest_route=\/wp\/v2\/users\/3"}],"replies":[{"embeddable":true,"href":"https:\/\/terraegenesis.org\/index.php?rest_route=%2Fwp%2Fv2%2Fcomments&post=631"}],"version-history":[{"count":294,"href":"https:\/\/terraegenesis.org\/index.php?rest_route=\/wp\/v2\/pages\/631\/revisions"}],"predecessor-version":[{"id":4883,"href":"https:\/\/terraegenesis.org\/index.php?rest_route=\/wp\/v2\/pages\/631\/revisions\/4883"}],"wp:attachment":[{"href":"https:\/\/terraegenesis.org\/index.php?rest_route=%2Fwp%2Fv2%2Fmedia&parent=631"}],"curies":[{"name":"wp","href":"https:\/\/api.w.org\/{rel}","templated":true}]}}