{"id":62,"date":"2019-05-09T16:47:01","date_gmt":"2019-05-09T14:47:01","guid":{"rendered":"http:\/\/terraegenesis.org\/?page_id=62"},"modified":"2022-12-16T12:25:00","modified_gmt":"2022-12-16T11:25:00","slug":"publications","status":"publish","type":"page","link":"https:\/\/terraegenesis.org\/?page_id=62","title":{"rendered":"Publications"},"content":{"rendered":"\n<p><\/p>\n\n\n\n<div style=\"height:50px\" aria-hidden=\"true\" class=\"wp-block-spacer\"><\/div>\n\n\n\n<h2 class=\"has-text-align-center has-text-color\" style=\"color:#55aaff\">Publications<\/h2>\n\n\n\n<div style=\"height:50px\" aria-hidden=\"true\" class=\"wp-block-spacer\"><\/div>\n\n\n\n<div class=\"is-layout-flex wp-container-13 wp-block-columns\">\n<div class=\"is-layout-flow wp-block-column\">\n<div class=\"is-layout-flex wp-container-3 wp-block-columns\">\n<div class=\"is-layout-flow wp-block-column\"><\/div>\n\n\n\n<div class=\"is-layout-flow wp-block-column\">\n<figure class=\"wp-block-image\"><a href=\"http:\/\/terraegenesis.org\/wp-content\/uploads\/2022\/02\/TOURET-2022-1.pdf\" target=\"_blank\" rel=\"noreferrer noopener\"><img decoding=\"async\" src=\"http:\/\/terraegenesis.org\/wp-content\/uploads\/elementor\/thumbs\/Couverture-publication-j-touret-1-pl8dqxuts3nqqv148iw4kpehv6jfi80b43ngyelq60.jpg\" alt=\"Couverture publication j touret\" title=\"Couverture publication j touret\"\/><\/a><figcaption class=\"wp-element-caption\">La cro\u00fbte continentale : O\u00f9, Quand et Comment ?<br><\/figcaption><\/figure>\n<\/div>\n<\/div>\n<\/div>\n\n\n\n<div class=\"is-layout-flow wp-block-column\">\n<div class=\"is-layout-flex wp-container-7 wp-block-columns\">\n<div class=\"is-layout-flow wp-block-column\">\n<figure class=\"wp-block-image\"><a href=\"http:\/\/terraegenesis.org\/wp-content\/uploads\/2021\/06\/Cardini_2021.pdf\" target=\"_blank\" rel=\"noreferrer noopener\"><img decoding=\"async\" src=\"http:\/\/terraegenesis.org\/wp-content\/uploads\/elementor\/thumbs\/Cardini_2021-1-p848l0362lifkyxcf9vxm0oi59l9v9lyai2rpprx6g.jpg\" alt=\"Microsoft Word - CARDINI_2020.docx\" title=\"Microsoft Word \u2013 CARDINI_2020.docx\"\/><\/a><figcaption class=\"wp-element-caption\">La transition \u00e9nerg\u00e9tique : un boom pour l&rsquo;industrie mini\u00e8re ?<\/figcaption><\/figure>\n<\/div>\n\n\n\n<div class=\"is-layout-flow wp-block-column\">\n<figure class=\"wp-block-image\"><a href=\"http:\/\/terraegenesis.org\/wp-content\/uploads\/2019\/12\/La-graniterie-du-Pont-de-Miellin.pdf\"><img decoding=\"async\" src=\"http:\/\/terraegenesis.org\/wp-content\/uploads\/elementor\/thumbs\/La-graniterie-du-Pont-de-Miellin-oi20k39g2rjoav4ryurvygoc4nuxhmcshkbws3jzjs.jpg\" alt=\"Microsoft Word - 2019_DELANGLE.docx\" title=\"Microsoft Word \u2013 2019_DELANGLE.docx\"\/><\/a><figcaption class=\"wp-element-caption\">La graniterie du Pont de Miellin<\/figcaption><\/figure>\n<\/div>\n<\/div>\n<\/div>\n\n\n\n<div class=\"is-layout-flow wp-block-column\">\n<div class=\"is-layout-flex wp-container-11 wp-block-columns\">\n<div class=\"is-layout-flow wp-block-column\">\n<figure class=\"wp-block-image\"><a href=\"https:\/\/www.sciencedirect.com\/science\/article\/pii\/S0024493719303615\"><img decoding=\"async\" src=\"http:\/\/terraegenesis.org\/wp-content\/uploads\/elementor\/thumbs\/Publications2-ogntams3drbd0cj36ojk3hu5a3i4jqvld8w6e2ts54.jpg\" alt=\"Publications2\" title=\"Publications2\"\/><\/a><figcaption class=\"wp-element-caption\">Skeletal quartz and dendritic biotite<\/figcaption><\/figure>\n<\/div>\n\n\n\n<div class=\"is-layout-flow wp-block-column\"><\/div>\n<\/div>\n<\/div>\n<\/div>\n\n\n\n<div style=\"height:20px\" aria-hidden=\"true\" class=\"wp-block-spacer\"><\/div>\n\n\n\n<div class=\"is-layout-flex wp-container-26 wp-block-columns\">\n<div class=\"is-layout-flow wp-block-column\">\n<div class=\"is-layout-flex wp-container-16 wp-block-columns\">\n<div class=\"is-layout-flow wp-block-column\"><\/div>\n\n\n\n<div class=\"is-layout-flow wp-block-column\">\n<figure class=\"wp-block-image\"><a href=\"http:\/\/terraegenesis.org\/wp-content\/uploads\/2019\/10\/CGTG_Etude_Egypte.pdf\"><img decoding=\"async\" src=\"http:\/\/terraegenesis.org\/wp-content\/uploads\/elementor\/thumbs\/CGTG_Etude_Egypte-1-oee40xkjddrvmpf1b06ttdsj18n4q3zjfotz54lz94.jpg\" alt=\"Le travail de la roche dans l\u2019Egypte ancienne\" title=\"Le travail de la roche dans l\u2019Egypte ancienne\"\/><\/a><figcaption class=\"wp-element-caption\">Le travail des roches dures dans l\u2019\u00c9gypte ancienne<br><a href=\"http:\/\/terraegenesis.org\/wp-content\/uploads\/2019\/10\/CGTG_PGM_Vosges.pdf\"><\/a><\/figcaption><\/figure>\n<\/div>\n<\/div>\n<\/div>\n\n\n\n<div class=\"is-layout-flow wp-block-column\">\n<div class=\"is-layout-flex wp-container-20 wp-block-columns\">\n<div class=\"is-layout-flow wp-block-column\">\n<figure class=\"wp-block-image\"><a href=\"http:\/\/terraegenesis.org\/wp-content\/uploads\/2019\/10\/CGTG_PGM_Vosges.pdf\"><img decoding=\"async\" src=\"http:\/\/terraegenesis.org\/wp-content\/uploads\/elementor\/thumbs\/CGTG_PGM_Vosges-oee458nwp1o6ud5r5d89qsnl1tep063910h3bs80qg.jpg\" alt=\"Diapositive 1\" title=\"Diapositive 1\"\/><\/a><figcaption class=\"wp-element-caption\">Premi\u00e8re description de min\u00e9raux du groupe du platine dans les Vosges<\/figcaption><\/figure>\n<\/div>\n\n\n\n<div class=\"is-layout-flow wp-block-column\">\n<figure class=\"wp-block-image\"><a href=\"http:\/\/terraegenesis.org\/wp-content\/uploads\/2019\/10\/CGTG_Orage_Carriere_Chipal.pdf\"><img decoding=\"async\" src=\"http:\/\/terraegenesis.org\/wp-content\/uploads\/elementor\/thumbs\/CGTG_Orage_Carriere_Chipal-1-oee430rmk4mtfidt3wozcutek2chtwa2e10tj9ihfc.jpg\" alt=\"CGTG_Orage_Carriere_Chipal-1\" title=\"CGTG_Orage_Carriere_Chipal-1\"\/><\/a><figcaption class=\"wp-element-caption\">Carri\u00e8re du marbre du Chipal (La Croix-au-Mines)<\/figcaption><\/figure>\n<\/div>\n<\/div>\n<\/div>\n\n\n\n<div class=\"is-layout-flow wp-block-column\">\n<div class=\"is-layout-flex wp-container-24 wp-block-columns\">\n<div class=\"is-layout-flow wp-block-column\">\n<figure class=\"wp-block-image\"><a href=\"http:\/\/terraegenesis.org\/wp-content\/uploads\/2019\/10\/CGTG_stratotypes_99.pdf\"><img decoding=\"async\" src=\"http:\/\/terraegenesis.org\/wp-content\/uploads\/elementor\/thumbs\/CGTG_stratotypes_99-1-oee45j04s82ce2qqgzp6081nl1zqcu8aqfnfltsou0.jpg\" alt=\"CGTG_stratotypes_99-1\" title=\"CGTG_stratotypes_99-1\"\/><\/a><figcaption class=\"wp-element-caption\">Lexique de la localisation g\u00e9ographique des stratotypes<\/figcaption><\/figure>\n<\/div>\n\n\n\n<div class=\"is-layout-flow wp-block-column\"><\/div>\n<\/div>\n<\/div>\n<\/div>\n\n\n\n<div style=\"height:20px\" aria-hidden=\"true\" class=\"wp-block-spacer\"><\/div>\n\n\n\n<div class=\"is-layout-flex wp-container-43 wp-block-columns\">\n<div class=\"is-layout-flow wp-block-column\">\n<div class=\"is-layout-flex wp-container-29 wp-block-columns\">\n<div class=\"is-layout-flow wp-block-column\"><\/div>\n\n\n\n<div class=\"is-layout-flow wp-block-column\">\n<figure class=\"wp-block-image\"><a href=\"http:\/\/terraegenesis.org\/wp-content\/uploads\/2019\/10\/CGTG-petrotypes_97.pdf\"><img decoding=\"async\" src=\"http:\/\/terraegenesis.org\/wp-content\/uploads\/elementor\/thumbs\/CGTG-petrotypes_97-1-oehffz4z40u9uatewsgha18nql7ci5w45z9rjgdj20.jpg\" alt=\"CGTG-petrotypes_97-1\" title=\"CGTG-petrotypes_97-1\"\/><\/a><figcaption class=\"wp-element-caption\">Les petrotypes fran\u00e7ais<\/figcaption><\/figure>\n<\/div>\n<\/div>\n<\/div>\n\n\n\n<div class=\"is-layout-flow wp-block-column\">\n<div class=\"is-layout-flex wp-container-33 wp-block-columns\">\n<div class=\"is-layout-flow wp-block-column\">\n<figure class=\"wp-block-image\"><a href=\"http:\/\/terraegenesis.org\/wp-content\/uploads\/2019\/10\/Trad-Classif-Streckeisen-LeMaitre.pdf\"><img decoding=\"async\" src=\"http:\/\/terraegenesis.org\/wp-content\/uploads\/elementor\/thumbs\/Trad-Classif-Streckeisen-LeMaitre-1-oee4b7wy63uup2h38g9u3sc531xqyuts6lva85cv5k.jpg\" alt=\"CLASSIFICATION ET REPERTOIRE DES ROCHES MAGMATIQUES\" title=\"CLASSIFICATION ET REPERTOIRE DES ROCHES MAGMATIQUES\"\/><\/a><figcaption class=\"wp-element-caption\">Classification et r\u00e9pertoire des roches magmatiques<\/figcaption><\/figure>\n<\/div>\n\n\n\n<div class=\"is-layout-flow wp-block-column\">\n<figure class=\"wp-block-image\"><a href=\"http:\/\/terraegenesis.org\/wp-content\/uploads\/2019\/10\/CGTG_MPP.pdf\"><img decoding=\"async\" src=\"http:\/\/terraegenesis.org\/wp-content\/uploads\/elementor\/thumbs\/CGTG_MPP-1-oee43ki8jndu7bl4wn85b7u315n7bjgfgqq0m2p7so.jpg\" alt=\"Roubault Fabries Touret Weisbrod\" title=\"Centre de G\u00e9ologie TERRAE GENESIS\"\/><\/a><figcaption class=\"wp-element-caption\">Tableau synth\u00e9tique de reconnaissance des min\u00e9raux au microscope polarisant<\/figcaption><\/figure>\n<\/div>\n<\/div>\n\n\n\n<div style=\"height:20px\" aria-hidden=\"true\" class=\"wp-block-spacer\"><\/div>\n\n\n\n<div class=\"is-layout-flex wp-container-37 wp-block-columns\">\n<div class=\"is-layout-flow wp-block-column\"><\/div>\n\n\n\n<div class=\"is-layout-flow wp-block-column\">\n<figure class=\"wp-block-image\"><a href=\"http:\/\/terraegenesis.org\/wp-content\/uploads\/2019\/10\/CGTG_lexique_petrographique.pdf\"><img decoding=\"async\" src=\"http:\/\/terraegenesis.org\/wp-content\/uploads\/elementor\/thumbs\/CGTG_lexique_petrographique-1-oee41wcke93hka0inx80vn0l0hvpmwtlwgyxwd6euw.jpg\" alt=\"CGTG_lexique_petrographique-1\" title=\"CGTG_lexique_petrographique-1\"\/><\/a><figcaption class=\"wp-element-caption\">Lexique p\u00e9trographique<\/figcaption><\/figure>\n<\/div>\n\n\n\n<div class=\"is-layout-flow wp-block-column\"><\/div>\n<\/div>\n<\/div>\n\n\n\n<div class=\"is-layout-flow wp-block-column\">\n<div class=\"is-layout-flex wp-container-41 wp-block-columns\">\n<div class=\"is-layout-flow wp-block-column\">\n<figure class=\"wp-block-image\"><a href=\"http:\/\/terraegenesis.org\/wp-content\/uploads\/2019\/10\/CGTG-Utilisation-MPP.pdf\"><img decoding=\"async\" src=\"http:\/\/terraegenesis.org\/wp-content\/uploads\/elementor\/thumbs\/CGTG-Utilisation-MPP-oee40errkp256i6ccs2afijb5j7sg5wwp3s9jldupk.jpg\" alt=\"CGTG Utilisation MPP\" title=\"CGTG Utilisation MPP\"\/><\/a><figcaption class=\"wp-element-caption\">Fiche m\u00e9thode simplifi\u00e9e pour l&rsquo;utilisation du microscope polarisant (lyc\u00e9e)<br><a href=\"http:\/\/terraegenesis.org\/wp-content\/uploads\/2019\/10\/CGTG_lexique_petrographique.pdf\"><\/a><\/figcaption><\/figure>\n<\/div>\n\n\n\n<div class=\"is-layout-flow wp-block-column\"><\/div>\n<\/div>\n<\/div>\n<\/div>\n\n\n<figure><\/figure>\n<figure><\/figure>\n<figure><\/figure>\n<figure><\/figure>\n<figure><\/figure>\n<figure><\/figure>\n<figure><\/figure>\n<figure><\/figure>\n<figure>\n<\/figure>","protected":false},"excerpt":{"rendered":"<p>Publications<\/p>\n","protected":false},"author":3,"featured_media":0,"parent":0,"menu_order":0,"comment_status":"closed","ping_status":"closed","template":"page-templates\/template-pagebuilder-full-width.php","meta":[],"_links":{"self":[{"href":"https:\/\/terraegenesis.org\/index.php?rest_route=\/wp\/v2\/pages\/62"}],"collection":[{"href":"https:\/\/terraegenesis.org\/index.php?rest_route=\/wp\/v2\/pages"}],"about":[{"href":"https:\/\/terraegenesis.org\/index.php?rest_route=\/wp\/v2\/types\/page"}],"author":[{"embeddable":true,"href":"https:\/\/terraegenesis.org\/index.php?rest_route=\/wp\/v2\/users\/3"}],"replies":[{"embeddable":true,"href":"https:\/\/terraegenesis.org\/index.php?rest_route=%2Fwp%2Fv2%2Fcomments&post=62"}],"version-history":[{"count":43,"href":"https:\/\/terraegenesis.org\/index.php?rest_route=\/wp\/v2\/pages\/62\/revisions"}],"predecessor-version":[{"id":3677,"href":"https:\/\/terraegenesis.org\/index.php?rest_route=\/wp\/v2\/pages\/62\/revisions\/3677"}],"wp:attachment":[{"href":"https:\/\/terraegenesis.org\/index.php?rest_route=%2Fwp%2Fv2%2Fmedia&parent=62"}],"curies":[{"name":"wp","href":"https:\/\/api.w.org\/{rel}","templated":true}]}}