{"id":58,"date":"2019-05-09T16:46:27","date_gmt":"2019-05-09T14:46:27","guid":{"rendered":"http:\/\/terraegenesis.org\/?page_id=58"},"modified":"2022-12-16T12:24:23","modified_gmt":"2022-12-16T11:24:23","slug":"lames-minces","status":"publish","type":"page","link":"https:\/\/terraegenesis.org\/?page_id=58","title":{"rendered":"Lames Minces"},"content":{"rendered":"\n<figure class=\"wp-block-image alignfull size-full\"><img decoding=\"async\" loading=\"lazy\" width=\"950\" height=\"400\" src=\"http:\/\/terraegenesis.org\/wp-content\/uploads\/2019\/05\/lm04.jpg\" alt=\"\" class=\"wp-image-419\" srcset=\"https:\/\/terraegenesis.org\/wp-content\/uploads\/2019\/05\/lm04.jpg 950w, https:\/\/terraegenesis.org\/wp-content\/uploads\/2019\/05\/lm04-300x126.jpg 300w, https:\/\/terraegenesis.org\/wp-content\/uploads\/2019\/05\/lm04-768x323.jpg 768w\" sizes=\"(max-width: 950px) 100vw, 950px\" \/><\/figure>\n\n\n\n<div style=\"height:50px\" aria-hidden=\"true\" class=\"wp-block-spacer\"><\/div>\n\n\n<h1 style=\"text-align: center;\"><span style=\"color: #55aaff;\">Lames minces<\/span><\/h1>\n\n\n<div style=\"height:50px\" aria-hidden=\"true\" class=\"wp-block-spacer\"><\/div>\n\n\n\n<div class=\"is-layout-flex wp-container-14 wp-block-columns\">\n<div class=\"is-layout-flow wp-block-column\" style=\"flex-basis:18.5%\"><\/div>\n\n\n\n<div class=\"is-layout-flow wp-block-column has-medium-font-size\" style=\"flex-basis:50%\">\n<h4 class=\"has-text-color\" style=\"color:#55aaff\">Nos prestations et services de lithopr\u00e9paration<\/h4>\n\n\n\n<p>Le Centre de G\u00e9ologie Terrae Genesis peut fabriquer et exp\u00e9dier des lames minces dans un court d\u00e9lai de quelques jours. Le centre est \u00e9quip\u00e9 de tous les instruments et outillages n\u00e9cessaires \u00e0 la pr\u00e9paration des \u00e9chantillons, de l&rsquo;impr\u00e9gnation \u00e0 la r\u00e9sine, \u00e0 la d\u00e9coupe de gros \u00e9chantillons ou de carottes rocheuses.<\/p>\n\n\n\n<p>Nous proposons toutes sortes de lames minces ou \u00e9paisses (pour l&rsquo;observation des inclusions fluides), polies, plastifi\u00e9es ou couvertes (\u00e0 la demande) et destin\u00e9es aux \u00e9tudes p\u00e9trographiques pour des activit\u00e9s acad\u00e9miques ou industrielles. Les lames peuvent \u00eatre pr\u00e9par\u00e9es \u00e0 partir de tous types de mat\u00e9riaux durs, roches, sables ou granulats ainsi qu&rsquo;\u00e0 partir de tous types de mat\u00e9riaux fragiles ou poreux (coquillages, poteries) en les impr\u00e9gnant dans la r\u00e9sine. Le centre est \u00e9galement \u00e9quip\u00e9 pour le polissage d&rsquo;\u00e9chantillons macroscopiques.<\/p>\n\n\n\n<p class=\"has-medium-font-size\"><a href=\"#devis\"><br>Passer commande<\/a><\/p>\n\n\n\n<div style=\"height:20px\" aria-hidden=\"true\" class=\"wp-block-spacer\"><\/div>\n\n\n\n<h4 class=\"has-text-color\" style=\"color:#55aaff\">La fabrication des lames minces<\/h4>\n\n\n\n<p>La p\u00e9trologie est la partie de la g\u00e9ologie qui \u00e9tudie les roches. \u00c0 partir d\u2019observations de roches \u00e0 diff\u00e9rentes \u00e9chelles, de leur description rigoureuse, de nombreuses interpr\u00e9tations peuvent \u00eatre formul\u00e9es pour acc\u00e9der \u00e0 tout ce que ces roches peuvent nous apprendre sur leur aventure, et donc sur l\u2019histoire des Vosges. Le travail \u00e0 l\u2019\u00e9chelle macroscopique est bien repr\u00e9sent\u00e9 au Centre de G\u00e9ologie TERRAE GENESIS avec les fiches de toutes les roches du Massif Vosgien.<\/p>\n\n\n\n<p>Au laboratoire, l\u2019\u00e9chelle microscopique est utilis\u00e9e, \u00e0 partie de lames minces de roches. Une roche est totalement opaque, exception faite de quelques verres d\u2019origine volcanique ou m\u00e9t\u00e9oritique. Mais, en r\u00e9alisant des coupes extr\u00eamement fines, il est possible de voir \u00e0 travers les roches. L\u2019observation microscopique en lumi\u00e8re transmise est alors possible, et non plus seulement en lumi\u00e8re r\u00e9fl\u00e9chie.<\/p>\n\n\n\n<p>La p\u00e9trologie microscopique ou l&rsquo;art de couper les cheveux en trois&#8230;<\/p>\n\n\n\n<div style=\"height:20px\" aria-hidden=\"true\" class=\"wp-block-spacer\"><\/div>\n\n\n\n<p><strong>Pr\u00e9paration du sucre<\/strong><\/p>\n\n\n\n<p>Il faut d\u00e9finir la zone d\u2019un \u00e9chantillon de roche qui est \u00e0 analyser. Avec une grosse scie diamant\u00e9e, on d\u00e9coupe un \u00ab sucre \u00bb, petit volume de roche n\u2019exc\u00e9dant pas 8 \u00e0 10 centim\u00e8tres cubes. La r\u00e9f\u00e9rence de la roche est not\u00e9e sur le dos du sucre afin d\u2019avoir une tra\u00e7abilit\u00e9 sans d\u00e9faut.<\/p>\n\n\n\n<div class=\"is-layout-flex wp-container-4 wp-block-columns\">\n<div class=\"is-layout-flow wp-block-column\">\n<figure class=\"wp-block-image size-full\"><img decoding=\"async\" loading=\"lazy\" width=\"1024\" height=\"737\" src=\"http:\/\/terraegenesis.org\/wp-content\/uploads\/2022\/12\/image-2.png\" alt=\"\" class=\"wp-image-3101\" srcset=\"https:\/\/terraegenesis.org\/wp-content\/uploads\/2022\/12\/image-2.png 1024w, https:\/\/terraegenesis.org\/wp-content\/uploads\/2022\/12\/image-2-300x216.png 300w, https:\/\/terraegenesis.org\/wp-content\/uploads\/2022\/12\/image-2-768x553.png 768w\" sizes=\"(max-width: 1024px) 100vw, 1024px\" \/><\/figure>\n<\/div>\n\n\n\n<div class=\"is-layout-flow wp-block-column\">\n<figure class=\"wp-block-image size-full is-resized\"><img decoding=\"async\" loading=\"lazy\" src=\"http:\/\/terraegenesis.org\/wp-content\/uploads\/2022\/12\/image-3.png\" alt=\"\" class=\"wp-image-3102\" width=\"550\" height=\"339\" srcset=\"https:\/\/terraegenesis.org\/wp-content\/uploads\/2022\/12\/image-3.png 400w, https:\/\/terraegenesis.org\/wp-content\/uploads\/2022\/12\/image-3-300x185.png 300w\" sizes=\"(max-width: 550px) 100vw, 550px\" \/><\/figure>\n<\/div>\n<\/div>\n\n\n\n<p><strong>Impr\u00e9gnation<\/strong><\/p>\n\n\n\n<p>\u00c9tape facultative : dans le cas o\u00f9 la roche est peu coh\u00e9rente, ou tr\u00e8s fractur\u00e9e, une \u00e9tape d\u2019impr\u00e9gnation du sucre \u00e0 la r\u00e9sine est n\u00e9cessaire pour le consolider.<\/p>\n\n\n\n<div style=\"height:20px\" aria-hidden=\"true\" class=\"wp-block-spacer\"><\/div>\n\n\n\n<p><strong>\u00c9tat de surface<\/strong><\/p>\n\n\n\n<p>Les sucres et les lames de verre qui seront utilis\u00e9s doivent avoir une plan\u00e9it\u00e9 parfaite pour \u00eatre coll\u00e9s ensemble. On r\u00e9alise cette rectification des surfaces gr\u00e2ce \u00e0 un lapidaire. C\u2019est un plateau en fonte (lui-m\u00eame d\u2019une excellente plan\u00e9it\u00e9) qui tourne, sur lequel on dispose des poudres abrasives (carbure de silicium) de diff\u00e9rentes granulom\u00e9tries (de la plus grossi\u00e8re \u00e0 la plus fine) et qui vont venir user la surface du sucre ou de la lame pour obtenir la surface la plus plane possible.<\/p>\n\n\n\n<div class=\"is-layout-flex wp-container-7 wp-block-columns\">\n<div class=\"is-layout-flow wp-block-column\">\n<figure class=\"wp-block-image size-full\"><img decoding=\"async\" loading=\"lazy\" width=\"1024\" height=\"737\" src=\"http:\/\/terraegenesis.org\/wp-content\/uploads\/2022\/12\/image.png\" alt=\"\" class=\"wp-image-3099\" srcset=\"https:\/\/terraegenesis.org\/wp-content\/uploads\/2022\/12\/image.png 1024w, https:\/\/terraegenesis.org\/wp-content\/uploads\/2022\/12\/image-300x216.png 300w, https:\/\/terraegenesis.org\/wp-content\/uploads\/2022\/12\/image-768x553.png 768w\" sizes=\"(max-width: 1024px) 100vw, 1024px\" \/><\/figure>\n<\/div>\n\n\n\n<div class=\"is-layout-flow wp-block-column\">\n<figure class=\"wp-block-image size-full is-resized\"><img decoding=\"async\" loading=\"lazy\" src=\"http:\/\/terraegenesis.org\/wp-content\/uploads\/2022\/12\/image-1.png\" alt=\"\" class=\"wp-image-3100\" width=\"427\" height=\"321\" srcset=\"https:\/\/terraegenesis.org\/wp-content\/uploads\/2022\/12\/image-1.png 400w, https:\/\/terraegenesis.org\/wp-content\/uploads\/2022\/12\/image-1-300x225.png 300w\" sizes=\"(max-width: 427px) 100vw, 427px\" \/><\/figure>\n<\/div>\n<\/div>\n\n\n\n<div style=\"height:20px\" aria-hidden=\"true\" class=\"wp-block-spacer\"><\/div>\n\n\n\n<p><strong>Collage<\/strong><\/p>\n\n\n\n<p>Les sucres sont coll\u00e9s sur les lames en verre \u00e0 l\u2019aide d\u2019une r\u00e9sine bicomposante de type Araldite.<br>La manipulation est d\u00e9licate, car il ne doit pas subsister de bulles d\u2019air entre la lame et le sucre, et la couche de r\u00e9sine doit \u00eatre la plus fine possible. Toutes ces pr\u00e9cautions visent \u00e0 assurer une observation finale dans les meilleures conditions. La prise d\u00e9finitive de la r\u00e9sine se fait dans un mini-four.<\/p>\n\n\n\n<div style=\"height:20px\" aria-hidden=\"true\" class=\"wp-block-spacer\"><\/div>\n\n\n\n<p><strong>Sciage<\/strong><\/p>\n\n\n\n<p>La r\u00e9sine r\u00e9siduelle est enlev\u00e9e, et la r\u00e9f\u00e9rence de la roche est inscrite directement sur la lame. Le sucre est sci\u00e9 avec un disque diamant\u00e9 de pr\u00e9cision qui garantit le parall\u00e9lisme entre la face coll\u00e9e et la face sci\u00e9e. L\u2019\u00e9paisseur de la roche est de 500 \u00e0 600 microm\u00e8tres (millioni\u00e8mes de m\u00e8tres, ou milli\u00e8mes de millim\u00e8tres).<\/p>\n\n\n\n<div class=\"is-layout-flex wp-container-10 wp-block-columns\">\n<div class=\"is-layout-flow wp-block-column\">\n<figure class=\"wp-block-image size-full is-resized\"><img decoding=\"async\" loading=\"lazy\" src=\"http:\/\/terraegenesis.org\/wp-content\/uploads\/2022\/12\/image-4.png\" alt=\"\" class=\"wp-image-3104\" width=\"632\" height=\"392\" srcset=\"https:\/\/terraegenesis.org\/wp-content\/uploads\/2022\/12\/image-4.png 389w, https:\/\/terraegenesis.org\/wp-content\/uploads\/2022\/12\/image-4-300x187.png 300w\" sizes=\"(max-width: 632px) 100vw, 632px\" \/><\/figure>\n<\/div>\n\n\n\n<div class=\"is-layout-flow wp-block-column\">\n<figure class=\"wp-block-image size-full is-resized\"><img decoding=\"async\" loading=\"lazy\" src=\"http:\/\/terraegenesis.org\/wp-content\/uploads\/2022\/12\/image-5.png\" alt=\"\" class=\"wp-image-3105\" width=\"682\" height=\"391\"\/><\/figure>\n<\/div>\n<\/div>\n\n\n\n<div style=\"height:20px\" aria-hidden=\"true\" class=\"wp-block-spacer\"><\/div>\n\n\n\n<p><strong>Rodage&nbsp;<\/strong><\/p>\n\n\n\n<p>Il faut maintenant abaisser progressivement l\u2019\u00e9paisseur de la roche jusqu\u2019\u00e0 ce qu\u2019elle devienne transparente. On utilise une rodeuse qui, \u00e0 l\u2019aide d\u2019un dispositif d\u2019abrasion au diamant, permet une usure progressive par \u00e9tapes de 5 \u00e0 10 microm\u00e8tres. Un peu de patience est n\u00e9cessaire\u2026 La roche atteint maintenant une \u00e9paisseur de 100 microm\u00e8tres (l\u2019\u00e9paisseur d\u2019un cheveu).<\/p>\n\n\n\n<div style=\"height:20px\" aria-hidden=\"true\" class=\"wp-block-spacer\"><\/div>\n\n\n\n<p><strong>Rodage final<\/strong><\/p>\n\n\n\n<p>Le lapidaire de l\u2019\u00e9tape 3 est \u00e0 nouveau utilis\u00e9 pour r\u00e9aliser la derni\u00e8re \u00e9tape, la plus d\u00e9licate, celle qui demande le plus de finesse : abaisser l\u2019\u00e9paisseur de la roche \u00e0 30 microm\u00e8tres \u2013 moins du tiers de l\u2019\u00e9paisseur d\u2019un cheveu ! Avec les poudres abrasives, par passes successives, on diminue tr\u00e8s lentement l\u2019\u00e9paisseur de la roche en v\u00e9rifiant fr\u00e9quemment l\u2019avancement du rodage. La mesure de l\u2019\u00e9paisseur peut se faire par un microm\u00e8tre, ou bien directement au microscope. Une fois le rodage termin\u00e9, la surface de la roche est polie ou recouverte d\u2019une lamelle de verre.<\/p>\n\n\n\n<figure class=\"wp-block-image\"><img decoding=\"async\" src=\"http:\/\/terraegenesis.org\/wp-content\/uploads\/2019\/05\/lm7-1024x737.jpg\" alt=\"\"\/><\/figure>\n\n\n\n<div style=\"height:17px\" aria-hidden=\"true\" class=\"wp-block-spacer\"><\/div>\n\n\n\n<figure class=\"wp-block-image\"><img decoding=\"async\" src=\"http:\/\/terraegenesis.org\/wp-content\/uploads\/2019\/05\/lm8-1024x737.jpg\" alt=\"\"\/><\/figure>\n\n\n\n<div style=\"height:20px\" aria-hidden=\"true\" class=\"wp-block-spacer\"><\/div>\n\n\n\n<p><strong>L&rsquo;observation au microscope polarisant<\/strong><\/p>\n\n\n\n<p>Deux modes d\u2019observation sont utilis\u00e9s au microscope polarisant : la lumi\u00e8re polaris\u00e9e non analys\u00e9e (avec un seul filtre) montre la couleur d\u2019absorption des min\u00e9raux ; la lumi\u00e8re polaris\u00e9e analys\u00e9e (avec deux filtres \u00e0 90\u00b0) montre des couleurs d\u2019interf\u00e9rence propres \u00e0 chaque min\u00e9ral. La d\u00e9termination des min\u00e9raux pr\u00e9sents dans la lame ainsi que la texture et la structure de la roche permettent au p\u00e9trographe de donner un nom \u00e0 l\u2019\u00e9chantillon.<\/p>\n\n\n\n<p>L\u2019observation va se faire au microscope photonique polarisant. L\u2019\u00e9paisseur standard de 30 microm\u00e8tres permet la reconnaissance des min\u00e9raux constitutifs de la roche. Dans certains cas, rares, certains scientifiques demandent des \u00e9paisseurs plus importantes (40 \u00e0 50 microm\u00e8tres) pour observer des inclusions fluides pr\u00e9sentes dans certains min\u00e9raux.<\/p>\n\n\n\n<p>L\u2019observation se fait en LPNA (lumi\u00e8re polaris\u00e9e non analys\u00e9e) puis en LPA (lumi\u00e8re polaris\u00e9e analys\u00e9e). Le r\u00e9sultat des observations au microscope polarisant est toujours tr\u00e8s esth\u00e9tique, en plus d\u2019\u00eatre un outil tr\u00e8s performant de d\u00e9termination des structures, des compositions min\u00e9rales.<\/p>\n\n\n\n<div style=\"height:20px\" aria-hidden=\"true\" class=\"wp-block-spacer\"><\/div>\n\n\n\n<h4 class=\"has-text-color\" style=\"color:#55aaff\">Commande de lames minces de p\u00e9trologie<\/h4>\n\n\n\n<p>Nous pouvons travailler sur des \u00e9chantillons sp\u00e9cifiques envoy\u00e9s par vos soins avec r\u00e9alisation de l&rsquo;\u00e9prouvette de roche, impr\u00e9gnation\u2026 Des lames minces peuvent \u00eatre r\u00e9alis\u00e9es dans des b\u00e9tons, granulats, sables, fragments de poteries, enrob\u00e9s, carrelages\u2026<\/p>\n\n\n\n<p>Les lames minces fabriqu\u00e9es sont des lames de p\u00e9trologie \u00e0 30 microm\u00e8tres de qualit\u00e9 sup\u00e9rieure. Deux finitions sont propos\u00e9es : la plastification (pour l&rsquo;examen au microscope polarisant) et le polissage (pour l&rsquo;examen au microscope polarisant, au microscope \u00e9lectronique et aux microsondes).&nbsp;<\/p>\n\n\n\n<div style=\"height:20px\" aria-hidden=\"true\" class=\"wp-block-spacer\"><\/div>\n\n\n\n<p><strong>Le Centre de G\u00e9ologie peut aussi r\u00e9aliser certaines \u00e9tudes p\u00e9trographiques microscopiques \u00e0 partir des lames minces que nous fabriquons.<br><\/strong>Notamment \u00e0 partir d&rsquo;\u00e9chantillons de roches que vous pouvez nous faire parvenir : roches, pierres naturelles, granulats, b\u00e9tons, poteries, tesselles\u2026 selon les normes : NF EN 932-3 et NF EN 12407. Ceci \u00e0 l&rsquo;exclusion de tous les essais visant \u00e0 d\u00e9terminer les propri\u00e9t\u00e9s physiques du mat\u00e9riau (masse volumique, r\u00e9sistance m\u00e9canique, usure, glissance, g\u00e9livit\u00e9\u2026) ainsi que les caract\u00e9ristiques d\u00e9duites de traitements de coloration ou d&rsquo;attaque acide.&nbsp;<\/p>\n\n\n\n<div style=\"height:20px\" aria-hidden=\"true\" class=\"wp-block-spacer\"><\/div>\n\n\n\n<h5 class=\"has-text-color\" style=\"color:#55aaff\">Pour toute commande, il est n\u00e9cessaire de demander un devis par courrier postal ou mail<\/h5>\n\n\n\n<p>Terrae Genesis<\/p>\n\n\n\n<p>28 rue de la Gare, Peccavillers<\/p>\n\n\n\n<p>88120 Le Syndicat&nbsp;<\/p>\n\n\n\n<p>Mail : <a href=\"mailto:lemusee@terraegenesis.org\">lemusee@terraegenesis.org<\/a><\/p>\n\n\n\n<p>T\u00e9l\u00e9phone : <strong>03 29 26 58 10<\/strong><\/p>\n\n\n\n<div style=\"height:60px\" aria-hidden=\"true\" class=\"wp-block-spacer\"><\/div>\n\n\n\n<figure id=\"uael-table-id-0a47d93\" class=\"wp-block-table\"><table><tbody><tr><td>LM2498<\/td><td>Alluvions fluvatiles subanguleuses<\/td><td>La Poirie, Vosges<\/td><\/tr><tr><td>LM2494<\/td><td>Alluvions fluvatiles subarrondies<\/td><td>Pont, Vosges<\/td><\/tr><tr><td>LM0515<\/td><td>Amphibolite<\/td><td>Saint-Marie-aux-Mines, Vosges<\/td><\/tr><tr><td>LM1865<\/td><td>And\u00e9site<\/td><td>Saint-Nabor, Bas-Rhin<\/td><\/tr><tr><td>LM2497<\/td><td>Ar\u00e8ne granitique distale<\/td><td>Ch\u00e8vreroche, Vosges<\/td><\/tr><tr><td>LM2493<\/td><td>Ar\u00e8ne granitique proximale<\/td><td>Les Mezes, Vosges<\/td><\/tr><tr><td>LM2238<\/td><td>Basalte<\/td><td>Deccan, Inde<\/td><\/tr><tr><td>LM0412<\/td><td>Calcaire oolitique<\/td><td>Bergheim, Vosges<\/td><\/tr><tr><td>LM0603<\/td><td>Calcaire r\u00e9cifal<\/td><td>Dompaire, Vosges<\/td><\/tr><tr><td>LM1508<\/td><td>Cipolin<\/td><td>Le Chipal, Vosges<\/td><\/tr><tr><td>LM0584<\/td><td>Conglom\u00e9rat polyg\u00e9nique<\/td><td>Russ, Vosges<\/td><\/tr><tr><td>LM0325<\/td><td>Diorite<\/td><td>Barr, Vosges<\/td><\/tr><tr><td>LM1680<\/td><td>\u00c9clogite<\/td><td>Combrimont, Vosges<\/td><\/tr><tr><td>LM1260<\/td><td>Feldspath plagioclase<\/td><td>Para\u00edba, Br\u00e9sil<\/td><\/tr><tr><td>LM460<\/td><td>Fer ruban\u00e9 (BIF)<\/td><td>Pilbara, Australie<\/td><\/tr><tr><td>LM1149<\/td><td>Gabbro<\/td><td>Rustenburg, Afrique du Sud<\/td><\/tr><tr><td>LM1015<\/td><td>Gabbro \u00e0 olivine<\/td><td>Ompupa, Angola<\/td><\/tr><tr><td>LM1420<\/td><td>Glaucophanite<\/td><td>Groix<\/td><\/tr><tr><td>LM1302<\/td><td>Gneiss<\/td><td>La Croix-Valmer, Var<\/td><\/tr><tr><td>LM0943<\/td><td>Gneiss \u00e0 sillimanite<\/td><td>La Croix-au-Mines, Vosges<\/td><\/tr><tr><td>LM1331<\/td><td>Granite<\/td><td>Rochesson, Vosges<\/td><\/tr><tr><td>LM2073<\/td><td>Granite alt\u00e9r\u00e9<\/td><td>Remiremont, Vosges<\/td><\/tr><tr><td>LM1334<\/td><td>Granodiorite<\/td><td>Saales, Vosges<\/td><\/tr><tr><td>LM1496<\/td><td>Grauwacke<\/td><td>Markstein, Vosges<\/td><\/tr><tr><td>LM0514<\/td><td>Gr\u00e8s<\/td><td>Remiremont, Vosges<\/td><\/tr><tr><td>LM0530<\/td><td>Gr\u00e8s fin<\/td><td>Remiremont, Vosges<\/td><\/tr><tr><td>LM1332<\/td><td>Micaschiste<\/td><td>Alta, Trondheim, Norv\u00e8ge<\/td><\/tr><tr><td>LM1497<\/td><td>Migmatite<\/td><td>Saint-\u00c9tienne-l\u00e8s-Remiremont, Vosges<\/td><\/tr><tr><td>LM0332<\/td><td>P\u00e9ridotite (fra\u00eeche)<\/td><td>Saint-Pierre, Haute-Loire<\/td><\/tr><tr><td>LM1147<\/td><td>P\u00e9ridotite \u00e0 grenat<\/td><td>Jussarupt, Vosges<\/td><\/tr><tr><td>LM0902<\/td><td>Quartz et feldspath alcalin<\/td><td>Para\u00edba, Br\u00e9sil<\/td><\/tr><tr><td>LM0904<\/td><td>Quartz, feldspath alcalin et feldspath plagioclase<\/td><td>Para\u00edba, Br\u00e9sil<\/td><\/tr><tr><td>LM1223<\/td><td>Quartzite<\/td><td>Mato Grosso, Br\u00e9sil<\/td><\/tr><tr><td>LM0444<\/td><td>Rhyolite<\/td><td>La Salle, Vosges<\/td><\/tr><tr><td>LM1412<\/td><td>Roche \u00e0 hydrocarbures<\/td><td>Ain, France<\/td><\/tr><tr><td>LM1474<\/td><td>Roche s\u00e9dimentaire pliss\u00e9e<\/td><td>Vill\u00e9, Vosges<\/td><\/tr><tr><td>LM1016<\/td><td>Sy\u00e9nite<\/td><td>Larvik, Norv\u00e8ge<\/td><\/tr><tr><td>LM0624<\/td><td>Trachyte<\/td><td>Bourbach-le-Haut, Vosges<\/td><\/tr><tr><td>LM2496<\/td><td>Varves<\/td><td>Noirgueux, Vosges<\/td><\/tr><\/tbody><\/table><\/figure>\n\n\n\n<div style=\"height:50px\" aria-hidden=\"true\" class=\"wp-block-spacer\"><\/div>\n\n\n\n<p class=\"has-text-align-center has-medium-font-size\"><a href=\"http:\/\/terraegenesis.org\/wp-content\/uploads\/2019\/10\/Catalogue-lames-minces-.pdf\" data-type=\"URL\" data-id=\"http:\/\/terraegenesis.org\/wp-content\/uploads\/2019\/10\/Catalogue-lames-minces-.pdf\"><br><\/a><br><a href=\"http:\/\/terraegenesis.org\/wp-content\/uploads\/2019\/05\/Catalogue-lames-minces-.pdf\"><\/a><\/p>\n\n\n\n<div class=\"is-layout-flex wp-block-buttons\">\n<div class=\"wp-block-button aligncenter\"><a class=\"wp-block-button__link wp-element-button\" href=\"http:\/\/terraegenesis.org\/wp-content\/uploads\/2019\/10\/Catalogue-lames-minces-.pdf\" target=\"_blank\" rel=\"noreferrer noopener\">T\u00e9l\u00e9charger le catalogue<\/a><\/div>\n<\/div>\n<\/div>\n\n\n\n<div class=\"is-layout-flow wp-block-column\" style=\"flex-basis:18.5%\"><\/div>\n<\/div>\n","protected":false},"excerpt":{"rendered":"<p>Lames minces Nos prestations et services de lithopr\u00e9paration Le Centre de G\u00e9ologie Terrae Genesis peut fabriquer et exp\u00e9dier des lames minces dans un court d\u00e9lai de quelques jours. Le centre est \u00e9quip\u00e9 de tous les instruments et outillages n\u00e9cessaires \u00e0 la pr\u00e9paration des \u00e9chantillons, de l&rsquo;impr\u00e9gnation \u00e0 la r\u00e9sine, \u00e0 [&hellip;]<\/p>\n","protected":false},"author":3,"featured_media":0,"parent":0,"menu_order":0,"comment_status":"closed","ping_status":"closed","template":"page-templates\/template-pagebuilder-full-width.php","meta":[],"_links":{"self":[{"href":"https:\/\/terraegenesis.org\/index.php?rest_route=\/wp\/v2\/pages\/58"}],"collection":[{"href":"https:\/\/terraegenesis.org\/index.php?rest_route=\/wp\/v2\/pages"}],"about":[{"href":"https:\/\/terraegenesis.org\/index.php?rest_route=\/wp\/v2\/types\/page"}],"author":[{"embeddable":true,"href":"https:\/\/terraegenesis.org\/index.php?rest_route=\/wp\/v2\/users\/3"}],"replies":[{"embeddable":true,"href":"https:\/\/terraegenesis.org\/index.php?rest_route=%2Fwp%2Fv2%2Fcomments&post=58"}],"version-history":[{"count":59,"href":"https:\/\/terraegenesis.org\/index.php?rest_route=\/wp\/v2\/pages\/58\/revisions"}],"predecessor-version":[{"id":3676,"href":"https:\/\/terraegenesis.org\/index.php?rest_route=\/wp\/v2\/pages\/58\/revisions\/3676"}],"wp:attachment":[{"href":"https:\/\/terraegenesis.org\/index.php?rest_route=%2Fwp%2Fv2%2Fmedia&parent=58"}],"curies":[{"name":"wp","href":"https:\/\/api.w.org\/{rel}","templated":true}]}}