{"id":56,"date":"2019-05-09T16:45:48","date_gmt":"2019-05-09T14:45:48","guid":{"rendered":"http:\/\/terraegenesis.org\/?page_id=56"},"modified":"2023-02-10T15:50:57","modified_gmt":"2023-02-10T14:50:57","slug":"devis","status":"publish","type":"page","link":"https:\/\/terraegenesis.org\/?page_id=56","title":{"rendered":"Devis"},"content":{"rendered":"\n<div style=\"height:50px\" aria-hidden=\"true\" class=\"wp-block-spacer\"><\/div>\n\n\n<h2 style=\"text-align: center;\"><span style=\"color: #55aaff;\">Co\u00fbts et devis<\/span><\/h2>\n<ul><\/ul>\n\n\n<div style=\"height:50px\" aria-hidden=\"true\" class=\"wp-block-spacer\"><\/div>\n\n\n\n<div class=\"is-layout-flex wp-container-4 wp-block-columns\">\n<div class=\"is-layout-flow wp-block-column\" style=\"flex-basis:18.5%\"><\/div>\n\n\n\n<div class=\"is-layout-flow wp-block-column\" style=\"flex-basis:50%\">\n<ul class=\"has-medium-font-size\">\n<li>Le co\u00fbt de l\u2019ensemble des prestations propos\u00e9es (acc\u00e8s au Centre, original du carnet de terrain, mise \u00e0 disposition d\u2019un animateur) sera calcul\u00e9 en fonction des sorties choisies. Un devis vous sera propos\u00e9 suite \u00e0 la r\u00e9ception de votre demande. Les professeurs et accompagnateurs b\u00e9n\u00e9ficient de la gratuit\u00e9.<\/li>\n\n\n\n<li>Les repas, le logement, les transports en bus, la reprographie du carnet de terrain restent \u00e0 la charge de l\u2019\u00e9tablissement organisateur.<\/li>\n\n\n\n<li><strong>&nbsp;Un devis vous est propos\u00e9 sur simple demande au Centre de G\u00e9ologie.<\/strong> <strong>En fonction de vos contraintes, pensez \u00e0 r\u00e9server les dates suffisamment \u00e0 l\u2019avance<\/strong>, particuli\u00e8rement en p\u00e9riode d\u2019affluence de groupes (avril, mai, juin, septembre, octobre).<\/li>\n<\/ul>\n\n\n\n<p class=\"has-medium-font-size\">Mail : <a href=\"mailto:lemusee@terraegenesis.org\">lemusee@terraegenesis.org<\/a><\/p>\n\n\n\n<p class=\"has-medium-font-size\">T\u00e9l\u00e9phone : <strong>03 29 26 58 10<\/strong><\/p>\n\n\n\n<h6 class=\"has-text-color has-medium-font-size\" style=\"color:#55aaff\">Pour pr\u00e9parer la sortie terrain, prenez contact avec le Centre<\/h6>\n\n\n\n<p class=\"has-medium-font-size\">Un devis (programme, dates et tarif complet) vous sera envoy\u00e9. Possibilit\u00e9 de faire financer votre sortie gr\u00e2ce \u00e0 la plateforme Pass Culture.<\/p>\n\n\n\n<figure class=\"wp-block-image size-large is-resized\"><img decoding=\"async\" loading=\"lazy\" src=\"http:\/\/terraegenesis.org\/wp-content\/uploads\/2023\/02\/RVB_PASS_CULTURE_HD-1024x427.png\" alt=\"\" class=\"wp-image-4282\" width=\"256\" height=\"107\" srcset=\"https:\/\/terraegenesis.org\/wp-content\/uploads\/2023\/02\/RVB_PASS_CULTURE_HD-1024x427.png 1024w, https:\/\/terraegenesis.org\/wp-content\/uploads\/2023\/02\/RVB_PASS_CULTURE_HD-300x125.png 300w, https:\/\/terraegenesis.org\/wp-content\/uploads\/2023\/02\/RVB_PASS_CULTURE_HD-768x320.png 768w, https:\/\/terraegenesis.org\/wp-content\/uploads\/2023\/02\/RVB_PASS_CULTURE_HD-1536x640.png 1536w, https:\/\/terraegenesis.org\/wp-content\/uploads\/2023\/02\/RVB_PASS_CULTURE_HD-2048x853.png 2048w\" sizes=\"(max-width: 256px) 100vw, 256px\" \/><\/figure>\n<\/div>\n\n\n\n<div class=\"is-layout-flow wp-block-column\" style=\"flex-basis:23%\"><\/div>\n<\/div>\n","protected":false},"excerpt":{"rendered":"<p>Co\u00fbts et devis Mail : lemusee@terraegenesis.org T\u00e9l\u00e9phone : 03 29 26 58 10 Pour pr\u00e9parer la sortie terrain, prenez contact avec le Centre Un devis (programme, dates et tarif complet) vous sera envoy\u00e9. Possibilit\u00e9 de faire financer votre sortie gr\u00e2ce \u00e0 la plateforme Pass Culture.<\/p>\n","protected":false},"author":3,"featured_media":0,"parent":44,"menu_order":0,"comment_status":"closed","ping_status":"closed","template":"page-templates\/template-pagebuilder-full-width.php","meta":[],"_links":{"self":[{"href":"https:\/\/terraegenesis.org\/index.php?rest_route=\/wp\/v2\/pages\/56"}],"collection":[{"href":"https:\/\/terraegenesis.org\/index.php?rest_route=\/wp\/v2\/pages"}],"about":[{"href":"https:\/\/terraegenesis.org\/index.php?rest_route=\/wp\/v2\/types\/page"}],"author":[{"embeddable":true,"href":"https:\/\/terraegenesis.org\/index.php?rest_route=\/wp\/v2\/users\/3"}],"replies":[{"embeddable":true,"href":"https:\/\/terraegenesis.org\/index.php?rest_route=%2Fwp%2Fv2%2Fcomments&post=56"}],"version-history":[{"count":26,"href":"https:\/\/terraegenesis.org\/index.php?rest_route=\/wp\/v2\/pages\/56\/revisions"}],"predecessor-version":[{"id":4288,"href":"https:\/\/terraegenesis.org\/index.php?rest_route=\/wp\/v2\/pages\/56\/revisions\/4288"}],"up":[{"embeddable":true,"href":"https:\/\/terraegenesis.org\/index.php?rest_route=\/wp\/v2\/pages\/44"}],"wp:attachment":[{"href":"https:\/\/terraegenesis.org\/index.php?rest_route=%2Fwp%2Fv2%2Fmedia&parent=56"}],"curies":[{"name":"wp","href":"https:\/\/api.w.org\/{rel}","templated":true}]}}