{"id":54,"date":"2019-05-09T16:45:40","date_gmt":"2019-05-09T14:45:40","guid":{"rendered":"http:\/\/terraegenesis.org\/?page_id=54"},"modified":"2023-06-21T15:44:40","modified_gmt":"2023-06-21T13:44:40","slug":"organisation","status":"publish","type":"page","link":"https:\/\/terraegenesis.org\/?page_id=54","title":{"rendered":"Organisation"},"content":{"rendered":"\n<div style=\"height:50px\" aria-hidden=\"true\" class=\"wp-block-spacer\"><\/div>\n\n\n<h2 style=\"text-align: center;\"><span style=\"color: #55aaff;\">Organisation<\/span><\/h2>\n<ul><\/ul>\n\n\n<div style=\"height:50px\" aria-hidden=\"true\" class=\"wp-block-spacer\"><\/div>\n\n\n\n<div class=\"is-layout-flex wp-container-4 wp-block-columns\">\n<div class=\"is-layout-flow wp-block-column\" style=\"flex-basis:18.5%\"><\/div>\n\n\n\n<div class=\"is-layout-flow wp-block-column\" style=\"flex-basis:57.7%\">\n<ul class=\"has-medium-font-size\">\n<li>Le Centre de G\u00e9ologie fournit un&nbsp;<strong>carnet de terrain<\/strong>&nbsp;version \u00e9l\u00e8ve sous forme num\u00e9rique (fichier PDF) par envoi \u00e9lectronique. Le lyc\u00e9e est charg\u00e9 de la reprographie (1 exemplaire par \u00e9l\u00e8ve). Selon le programme choisi, le carnet de terrain comporte de 12 \u00e0 35 feuilles.<\/li>\n\n\n\n<li>&nbsp;Le rendez-vous est toujours fix\u00e9 \u00e0 9 h (ou 9 h 30 selon l\u2019\u00e9loignement de l\u2019\u00e9tablissement) au Centre de G\u00e9ologie TERRAE GENESIS, 28 rue de la Gare Peccavillers, 88120 Le Syndicat. Parking pour les bus. Pour des raisons pratiques, les diff\u00e9rents stationnements ne peuvent pas accueillir plus de 2 bus simultan\u00e9ment.<\/li>\n<\/ul>\n\n\n\n<ul class=\"has-medium-font-size\">\n<li>Le Centre de G\u00e9ologie met \u00e0 disposition un ou plusieurs animateurs (selon les effectifs) qui prennent en charge la totalit\u00e9 de l\u2019animation p\u00e9dagogique, au Centre comme sur le terrain. Le (ou les) accompagnateur(s) sont pris en charge au Centre et y sont ramen\u00e9s en fin de journ\u00e9e (pensez \u00e0 pr\u00e9voir une place pour eux dans le bus).<\/li>\n\n\n\n<li><strong>Le repas du midi est tir\u00e9 du sac.<\/strong><\/li>\n\n\n\n<li><strong>Le professeur organisateur<\/strong>&nbsp;reste en charge de la responsabilit\u00e9 du groupe (discipline et respect du r\u00e8glement int\u00e9rieur de l\u2019\u00e9tablissement pour un cours d\u00e9localis\u00e9) pendant toute la dur\u00e9e de la classe de terrain.<\/li>\n\n\n\n<li><strong>Dans le cas de conditions m\u00e9t\u00e9orologiques extr\u00eames<\/strong>&nbsp;ou d\u2019\u00e9v\u00e9nement \u00e0 caract\u00e8re de force majeure, l\u2019animateur peut d\u00e9cider une modification du programme, voire une suppression d\u2019un ou plusieurs arr\u00eats, sans que le Centre puisse en \u00eatre tenu pour responsable.<\/li>\n<\/ul>\n\n\n\n<h4 class=\"has-text-color\" style=\"color:#55aaff\">H\u00e9bergement<\/h4>\n\n\n\n<h6 style=\"font-size:17px\">Le Centre de G\u00e9ologie peut vous proposer quelques adresses pour le repas du soir, la nuit\u00e9e, le petit-d\u00e9jeuner et le d\u00e9jeuner (casse-cro\u00fbte) de la seconde journ\u00e9e<\/h6>\n\n\n\n<ul class=\"has-medium-font-size\">\n<li>Centre d\u2019accueil et d\u2019animation&nbsp;<strong>Les Tronches<\/strong>, 238 chemin des Tronches, route F\u00e8ches, 88200 Saint-\u00c9tienne-l\u00e8s-Remiremont, t\u00e9l\u00e9phone 03 29 61 06 26,<br>portable 06 88 77 86 26.<\/li>\n\n\n\n<li><strong>Auberge de jeunesse<\/strong>, 1085 route de La Roche-du-Page, 88400 Xonrupt-Longemer, t\u00e9l\u00e9phone 03 29 63 07 17.<\/li>\n\n\n\n<li>Centre de vacances&nbsp;<strong>Les Jonquilles<\/strong>, 532 rue de la R\u00e9sistance, 88400 Xonrupt-Longemer, t\u00e9l\u00e9phone 03 29 63 07 28.<\/li>\n\n\n\n<li>Centre de vacances&nbsp;<strong>Les Quatre Vents<\/strong>, 3 rue d\u2019Alsace, 88160 Ramonchamp, t\u00e9l\u00e9phone 03 29 25 02 06.<\/li>\n\n\n\n<li>Centre de vacances&nbsp;<strong>Le Herbau<\/strong>, 136 Chemin de la P\u00e9pini\u00e8re, 88400 G\u00e9rardmer, t\u00e9l\u00e9phone 03 29 63 69 63.<\/li>\n<\/ul>\n<\/div>\n\n\n\n<div class=\"is-layout-flow wp-block-column\" style=\"flex-basis:18.5%\"><\/div>\n<\/div>\n","protected":false},"excerpt":{"rendered":"<p>Organisation H\u00e9bergement Le Centre de G\u00e9ologie peut vous proposer quelques adresses pour le repas du soir, la nuit\u00e9e, le petit-d\u00e9jeuner et le d\u00e9jeuner (casse-cro\u00fbte) de la seconde journ\u00e9e<\/p>\n","protected":false},"author":3,"featured_media":0,"parent":44,"menu_order":0,"comment_status":"closed","ping_status":"closed","template":"page-templates\/template-pagebuilder-full-width.php","meta":[],"_links":{"self":[{"href":"https:\/\/terraegenesis.org\/index.php?rest_route=\/wp\/v2\/pages\/54"}],"collection":[{"href":"https:\/\/terraegenesis.org\/index.php?rest_route=\/wp\/v2\/pages"}],"about":[{"href":"https:\/\/terraegenesis.org\/index.php?rest_route=\/wp\/v2\/types\/page"}],"author":[{"embeddable":true,"href":"https:\/\/terraegenesis.org\/index.php?rest_route=\/wp\/v2\/users\/3"}],"replies":[{"embeddable":true,"href":"https:\/\/terraegenesis.org\/index.php?rest_route=%2Fwp%2Fv2%2Fcomments&post=54"}],"version-history":[{"count":22,"href":"https:\/\/terraegenesis.org\/index.php?rest_route=\/wp\/v2\/pages\/54\/revisions"}],"predecessor-version":[{"id":4401,"href":"https:\/\/terraegenesis.org\/index.php?rest_route=\/wp\/v2\/pages\/54\/revisions\/4401"}],"up":[{"embeddable":true,"href":"https:\/\/terraegenesis.org\/index.php?rest_route=\/wp\/v2\/pages\/44"}],"wp:attachment":[{"href":"https:\/\/terraegenesis.org\/index.php?rest_route=%2Fwp%2Fv2%2Fmedia&parent=54"}],"curies":[{"name":"wp","href":"https:\/\/api.w.org\/{rel}","templated":true}]}}