{"id":46,"date":"2019-05-09T16:44:25","date_gmt":"2019-05-09T14:44:25","guid":{"rendered":"http:\/\/terraegenesis.org\/?page_id=46"},"modified":"2023-02-10T15:40:26","modified_gmt":"2023-02-10T14:40:26","slug":"ecole-primaire","status":"publish","type":"page","link":"https:\/\/terraegenesis.org\/?page_id=46","title":{"rendered":"\u00c9cole Primaire"},"content":{"rendered":"\n<figure class=\"wp-block-image alignfull size-large\"><img decoding=\"async\" loading=\"lazy\" width=\"1024\" height=\"431\" src=\"http:\/\/terraegenesis.org\/wp-content\/uploads\/2019\/05\/he2-1024x431.jpg\" alt=\"\" class=\"wp-image-404\" srcset=\"https:\/\/terraegenesis.org\/wp-content\/uploads\/2019\/05\/he2-1024x431.jpg 1024w, https:\/\/terraegenesis.org\/wp-content\/uploads\/2019\/05\/he2-300x126.jpg 300w, https:\/\/terraegenesis.org\/wp-content\/uploads\/2019\/05\/he2-768x323.jpg 768w\" sizes=\"(max-width: 1024px) 100vw, 1024px\" \/><\/figure>\n\n\n\n<div style=\"height:50px\" aria-hidden=\"true\" class=\"wp-block-spacer\"><\/div>\n\n\n<h1><\/h1>\n<h1 style=\"text-align: center;\"><span style=\"color: #55aaff;\">\u00c9coles primaires<\/span><\/h1>\n<p><\/p>\n\n\n<div style=\"height:50px\" aria-hidden=\"true\" class=\"wp-block-spacer\"><\/div>\n\n\n\n<div class=\"is-layout-flex wp-container-4 wp-block-columns\">\n<div class=\"is-layout-flow wp-block-column\" style=\"flex-basis:18.5%\"><\/div>\n\n\n\n<div class=\"is-layout-flow wp-block-column\" style=\"flex-basis:50%\">\n<h4 class=\"has-text-color\" style=\"color:#55aaff\">Programmes au Centre de G\u00e9ologie TERRAE GENESIS<\/h4>\n\n\n\n<h5 class=\"has-text-color has-medium-font-size\" style=\"color:#55aaff\">\u00bd journ\u00e9e au Centre pour un groupe scolaire<\/h5>\n\n\n\n<h6 class=\"has-medium-font-size\">D\u00e9couverte du Centre<\/h6>\n\n\n\n<p class=\"has-medium-font-size\"><strong>9 h<\/strong>&nbsp;: accueil au Centre de G\u00e9ologie.<\/p>\n\n\n\n<p class=\"has-medium-font-size\"><strong>9 h 15<\/strong>&nbsp;: visite guid\u00e9e des expositions \u00e0 l\u2019ext\u00e9rieur sur le travail du granit.<\/p>\n\n\n\n<p class=\"has-medium-font-size\"><strong>10 h \u00e0 12 h<\/strong>&nbsp;: r\u00e9partition en deux groupes permut\u00e9s \u00e0 11 h.<\/p>\n\n\n\n<ul class=\"has-medium-font-size\">\n<li>Visite guid\u00e9e des expositions \u00e0 l\u2019int\u00e9rieur sur les roches, les fossiles, les min\u00e9raux.<\/li>\n<\/ul>\n\n\n\n<p class=\"has-medium-font-size\"><strong>Ateliers en option :<\/strong><\/p>\n\n\n\n<ul class=\"has-medium-font-size\">\n<li>Quiz en activit\u00e9s didactiques selon le niveau.<\/li>\n<\/ul>\n\n\n\n<p class=\"has-medium-font-size\"><\/p>\n\n\n\n<div style=\"height:20px\" aria-hidden=\"true\" class=\"wp-block-spacer\"><\/div>\n\n\n\n<h5 class=\"has-text-color\" style=\"color:#55aaff;font-size:25px\">Journ\u00e9e au Centre pour un groupe scolaire<\/h5>\n\n\n\n<h6 class=\"has-medium-font-size\">Le tour de CH\u00c8VRE-ROCHE, commune de Vagney, altitude 800 m\u00e8tres<\/h6>\n\n\n\n<p><strong>9 h<\/strong>&nbsp;: accueil au Centre de G\u00e9ologie.<\/p>\n\n\n\n<p><strong>9 h 15<\/strong>&nbsp;: d\u00e9part pour le terrain.<\/p>\n\n\n\n<p class=\"has-medium-font-size\">Acc\u00e8s en voiture(s) particuli\u00e8re(s) ou en bus. \u00c0 proximit\u00e9 directe du Centre ; la meilleure fa\u00e7on de d\u00e9couvrir la richesse du patrimoine naturel vosgien.<br>Parcours p\u00e9destre sans difficult\u00e9 (longueur de moins de 2 kilom\u00e8tres, d\u00e9nivel\u00e9 de 30 m).<br>Selon les objectifs, dur\u00e9e de 1 h 30 \u00e0 3 h.<br>Tous niveaux : enseignement primaire et secondaire.<br>Encadrement assur\u00e9 par un membre du Centre de G\u00e9ologie TERRAE GENESIS.<\/p>\n\n\n\n<div style=\"height:20px\" aria-hidden=\"true\" class=\"wp-block-spacer\"><\/div>\n\n\n\n<p class=\"has-text-color has-medium-font-size\" style=\"color:#55aaff\"><strong>Th\u00e9matiques pouvant \u00eatre abord\u00e9es (en fonction des objectifs d\u00e9finis \u00e0 l\u2019avance) :<\/strong><\/p>\n\n\n\n<ul class=\"has-medium-font-size\">\n<li>Les roches magmatiques plutoniques (le granit de Remiremont).<\/li>\n\n\n\n<li>Les roches s\u00e9dimentaires d\u00e9tritiques (le gr\u00e8s des Vosges et les conglom\u00e9rats).<\/li>\n\n\n\n<li>L\u2019\u00e9rosion des roches et la formation des reliefs.<\/li>\n\n\n\n<li>La reconstitution d\u2019une histoire g\u00e9ologique \u00e9tal\u00e9e sur plus de 330 millions d\u2019ann\u00e9es.<\/li>\n\n\n\n<li>La lecture des paysages (\u00e9l\u00e9ments de g\u00e9omorphologie).<\/li>\n\n\n\n<li>La trace des trois glaciations vosgiennes (blocs erratiques, morphologie des vall\u00e9es glaciaires : Moselle, Moselotte, Cleurie).<\/li>\n\n\n\n<li>L\u2019exploitation du granit (carri\u00e8re de pav\u00e9s).<\/li>\n\n\n\n<li>La d\u00e9couverte d\u2019une tourbi\u00e8re et de la v\u00e9g\u00e9tation associ\u00e9e.<\/li>\n\n\n\n<li>La r\u00e9partition des sources d\u2019eau.<\/li>\n\n\n\n<li>La v\u00e9g\u00e9tation d\u2019altitude dans les Vosges.<\/li>\n\n\n\n<li>Les abris sous roches.<\/li>\n\n\n\n<li>Le paysage des sept clochers.<\/li>\n\n\n\n<li>L\u2019agriculture de montagne et l\u2019implantation humaine\u2026<\/li>\n<\/ul>\n\n\n\n<p class=\"has-medium-font-size\"><strong>12 h \u00e0 14 h<\/strong>&nbsp;: repas tir\u00e9 du sac.<\/p>\n\n\n\n<p class=\"has-medium-font-size\"><strong>14 h 30<\/strong>&nbsp;:<\/p>\n\n\n\n<ul class=\"has-medium-font-size\">\n<li>Visite guid\u00e9e des expositions \u00e0 l\u2019ext\u00e9rieur sur le travail du granit.<\/li>\n\n\n\n<li>Visite guid\u00e9e des expositions \u00e0 l\u2019int\u00e9rieur sur les roches, les fossiles, les min\u00e9raux.<br>(R\u00e9partition en deux groupes permut\u00e9s.)<\/li>\n<\/ul>\n\n\n\n<div style=\"height:20px\" aria-hidden=\"true\" class=\"wp-block-spacer\"><\/div>\n\n\n\n<p class=\"has-medium-font-size\"><strong>Ateliers en option :<\/strong><br>Quiz en activit\u00e9s didactiques selon le niveau.<\/p>\n\n\n\n<p class=\"has-medium-font-size\"><\/p>\n\n\n\n<div style=\"height:20px\" aria-hidden=\"true\" class=\"wp-block-spacer\"><\/div>\n\n\n\n<h6 class=\"has-text-color\" style=\"color:#55aaff;font-size:25px\">Le Centre de G\u00e9ologie TERRAE GENESIS est agr\u00e9\u00e9 par l\u2019inspection acad\u00e9mique des Vosges<\/h6>\n\n\n\n<p style=\"font-size:18px\">Par cons\u00e9quent, les \u00e9tablissements scolaires b\u00e9n\u00e9ficient de la prise en charge d\u2019une partie des frais de transport par le Conseil d\u00e9partemental, \u00e0 hauteur de 80 % pour les coll\u00e8ges et 50 % pour les \u00e9coles.<\/p>\n\n\n\n<p class=\"has-medium-font-size\">Pour cela, veuillez contacter :<\/p>\n\n\n\n<p class=\"has-medium-font-size\"><strong>Conseil d\u00e9partemental<br>Direction vosgienne du Patrimoine<br>8 rue de la Pr\u00e9fecture<br>88000 \u00c9PINAL<br>T\u00e9l. 03 29 29 87 13&nbsp;<\/strong><\/p>\n\n\n\n<p class=\"has-medium-font-size\">Mail : <a href=\"mailto:lemusee@terraegenesis.org\">lemusee@terraegenesis.org<\/a><\/p>\n\n\n\n<h6 class=\"has-text-color has-medium-font-size\" style=\"color:#55aaff\">Pour pr\u00e9parer votre journ\u00e9e ou votre demi-journ\u00e9e, prenez contact avec le Centre<\/h6>\n\n\n\n<p class=\"has-medium-font-size\">Un devis (programme, dates et tarif complet) vous sera envoy\u00e9.<\/p>\n\n\n\n<p>T\u00e9l\u00e9phone : <strong>03 29 26 58 10<\/strong><\/p>\n<\/div>\n\n\n\n<div class=\"is-layout-flow wp-block-column\" style=\"flex-basis:25%\"><\/div>\n<\/div>\n","protected":false},"excerpt":{"rendered":"<p>\u00c9coles primaires Programmes au Centre de G\u00e9ologie TERRAE GENESIS \u00bd journ\u00e9e au Centre pour un groupe scolaire D\u00e9couverte du Centre 9 h&nbsp;: accueil au Centre de G\u00e9ologie. 9 h 15&nbsp;: visite guid\u00e9e des expositions \u00e0 l\u2019ext\u00e9rieur sur le travail du granit. 10 h \u00e0 12 h&nbsp;: r\u00e9partition en deux groupes [&hellip;]<\/p>\n","protected":false},"author":3,"featured_media":0,"parent":44,"menu_order":0,"comment_status":"closed","ping_status":"closed","template":"page-templates\/template-pagebuilder-full-width.php","meta":[],"_links":{"self":[{"href":"https:\/\/terraegenesis.org\/index.php?rest_route=\/wp\/v2\/pages\/46"}],"collection":[{"href":"https:\/\/terraegenesis.org\/index.php?rest_route=\/wp\/v2\/pages"}],"about":[{"href":"https:\/\/terraegenesis.org\/index.php?rest_route=\/wp\/v2\/types\/page"}],"author":[{"embeddable":true,"href":"https:\/\/terraegenesis.org\/index.php?rest_route=\/wp\/v2\/users\/3"}],"replies":[{"embeddable":true,"href":"https:\/\/terraegenesis.org\/index.php?rest_route=%2Fwp%2Fv2%2Fcomments&post=46"}],"version-history":[{"count":40,"href":"https:\/\/terraegenesis.org\/index.php?rest_route=\/wp\/v2\/pages\/46\/revisions"}],"predecessor-version":[{"id":4278,"href":"https:\/\/terraegenesis.org\/index.php?rest_route=\/wp\/v2\/pages\/46\/revisions\/4278"}],"up":[{"embeddable":true,"href":"https:\/\/terraegenesis.org\/index.php?rest_route=\/wp\/v2\/pages\/44"}],"wp:attachment":[{"href":"https:\/\/terraegenesis.org\/index.php?rest_route=%2Fwp%2Fv2%2Fmedia&parent=46"}],"curies":[{"name":"wp","href":"https:\/\/api.w.org\/{rel}","templated":true}]}}