{"id":42,"date":"2019-05-09T16:43:24","date_gmt":"2019-05-09T14:43:24","guid":{"rendered":"http:\/\/terraegenesis.org\/?page_id=42"},"modified":"2023-02-10T15:23:05","modified_gmt":"2023-02-10T14:23:05","slug":"en-groupe","status":"publish","type":"page","link":"https:\/\/terraegenesis.org\/?page_id=42","title":{"rendered":"En Groupe"},"content":{"rendered":"\n<figure class=\"wp-block-image alignfull size-large\"><img decoding=\"async\" loading=\"lazy\" width=\"1024\" height=\"431\" src=\"http:\/\/terraegenesis.org\/wp-content\/uploads\/2019\/05\/c3-1024x431.jpg\" alt=\"\" class=\"wp-image-375\" srcset=\"https:\/\/terraegenesis.org\/wp-content\/uploads\/2019\/05\/c3-1024x431.jpg 1024w, https:\/\/terraegenesis.org\/wp-content\/uploads\/2019\/05\/c3-300x126.jpg 300w, https:\/\/terraegenesis.org\/wp-content\/uploads\/2019\/05\/c3-768x323.jpg 768w\" sizes=\"(max-width: 1024px) 100vw, 1024px\" \/><\/figure>\n\n\n\n<div style=\"height:50px\" aria-hidden=\"true\" class=\"wp-block-spacer\"><\/div>\n\n\n\n<div class=\"is-layout-flex wp-container-4 wp-block-columns\">\n<div class=\"is-layout-flow wp-block-column\" style=\"flex-basis:18.5%\"><\/div>\n\n\n\n<div class=\"is-layout-flow wp-block-column\" style=\"flex-basis:50%\">\n<h2 class=\"has-text-align-center has-text-color\" style=\"color:#55aaff\">En groupe<\/h2>\n\n\n\n<div style=\"height:50px\" aria-hidden=\"true\" class=\"wp-block-spacer\"><\/div>\n\n\n\n<p class=\"has-medium-font-size\">Pour les groupes constitu\u00e9s : offices de tourisme, clubs, associations, comit\u00e9s d\u2019entreprises, g\u00eetes, particuliers, r\u00e9unions familiales\u2026<\/p>\n\n\n\n<p><\/p>\n\n\n\n<p class=\"has-medium-font-size\">Possibilit\u00e9s de visites guid\u00e9es, visites conf\u00e9rences, sorties sur le terrain, ateliers enfants,&#8230; Veuillez nous consulter, nous seront heureux de vous proposer une formule adapt\u00e9e \u00e0 vos souhaits.<\/p>\n\n\n\n<div style=\"height:50px\" aria-hidden=\"true\" class=\"wp-block-spacer\"><\/div>\n\n\n\n<h4 class=\"has-medium-font-size\">Demi-journ\u00e9e au Centre pour un groupe<\/h4>\n\n\n\n<p class=\"has-medium-font-size\"><\/p>\n\n\n\n<div style=\"height:50px\" aria-hidden=\"true\" class=\"wp-block-spacer\"><\/div>\n\n\n\n<p class=\"has-medium-font-size\">Accueil au Centre de G\u00e9ologie.<\/p>\n\n\n\n<ul class=\"has-medium-font-size\">\n<li>Accueil au Centre de G\u00e9ologie.<\/li>\n\n\n\n<li>Visite des expositions \u00e0 l\u2019ext\u00e9rieur sur le travail du granit.<\/li>\n\n\n\n<li>Visite des expositions \u00e0 l\u2019int\u00e9rieur sur les roches, les fossiles et les min\u00e9raux.<\/li>\n<\/ul>\n\n\n\n<p class=\"has-medium-font-size\"><\/p>\n\n\n\n<div style=\"height:20px\" aria-hidden=\"true\" class=\"wp-block-spacer\"><\/div>\n\n\n\n<p class=\"has-medium-font-size\"><\/p>\n\n\n\n<p class=\"has-medium-font-size\"><\/p>\n\n\n\n<div style=\"height:50px\" aria-hidden=\"true\" class=\"wp-block-spacer\"><\/div>\n\n\n\n<h4 class=\"has-medium-font-size\">Sortie sur le terrain et visite du Centre<\/h4>\n\n\n\n<div style=\"height:50px\" aria-hidden=\"true\" class=\"wp-block-spacer\"><\/div>\n\n\n\n<p class=\"has-medium-font-size\"><strong>Matin <\/strong>: accueil au Centre de G\u00e9ologie.<\/p>\n\n\n\n<p class=\"has-medium-font-size\">D\u00e9part pour le terrain en v\u00e9hicule individuel (5 km). Sur un petit p\u00e9rim\u00e8tre, d\u00e9couverte de toute l\u2019histoire du Massif Vosgien.&nbsp;<\/p>\n\n\n\n<p class=\"has-medium-font-size\"><strong>Site de Ch\u00e8vre-Roche<\/strong> : un cadre exceptionnel perch\u00e9 \u00e0 800 m, une vue panoramique, les roches, les reliefs, le trajet des anciens glaciers, une tourbi\u00e8re,<br>une v\u00e9g\u00e9tation sp\u00e9cifique, une ancienne carri\u00e8re de pav\u00e9s\u2026<br>D\u00e9jeuner : repas tir\u00e9 du sac ou restaurant (\u00e0 d\u00e9finir \u00e0 l\u2019avance lors de votre r\u00e9servation).&nbsp;<\/p>\n\n\n\n<p class=\"has-medium-font-size\"><strong>Apr\u00e8s-midi<\/strong> : visite guid\u00e9e du Centre de G\u00e9ologie : le travail du granit, les roches, les fossiles et les min\u00e9raux.<\/p>\n\n\n\n<div style=\"height:50px\" aria-hidden=\"true\" class=\"wp-block-spacer\"><\/div>\n\n\n\n<div style=\"height:20px\" aria-hidden=\"true\" class=\"wp-block-spacer\"><\/div>\n\n\n\n<p class=\"has-medium-font-size\"><\/p>\n\n\n\n<div style=\"height:50px\" aria-hidden=\"true\" class=\"wp-block-spacer\"><\/div>\n\n\n\n<p class=\"has-medium-font-size\">Mail : <a href=\"mailto:lemusee@terraegenesis.org\">lemusee@terraegenesis.org<\/a><\/p>\n\n\n\n<h6 class=\"has-medium-font-size\">Pour pr\u00e9parer votre journ\u00e9e ou votre demi-journ\u00e9e,<br>prenez contact avec le Centre<\/h6>\n\n\n\n<p class=\"has-medium-font-size\">Un devis (programme, dates et tarif complet) vous sera envoy\u00e9.<\/p>\n\n\n\n<p class=\"has-small-font-size\">T\u00e9l\u00e9phone : <strong>03 29 26 58 10<\/strong><\/p>\n<\/div>\n\n\n\n<div class=\"is-layout-flow wp-block-column\" style=\"flex-basis:25%\"><\/div>\n<\/div>\n","protected":false},"excerpt":{"rendered":"<p>En groupe Pour les groupes constitu\u00e9s : offices de tourisme, clubs, associations, comit\u00e9s d\u2019entreprises, g\u00eetes, particuliers, r\u00e9unions familiales\u2026 Possibilit\u00e9s de visites guid\u00e9es, visites conf\u00e9rences, sorties sur le terrain, ateliers enfants,&#8230; Veuillez nous consulter, nous seront heureux de vous proposer une formule adapt\u00e9e \u00e0 vos souhaits. Demi-journ\u00e9e au Centre pour un [&hellip;]<\/p>\n","protected":false},"author":3,"featured_media":0,"parent":0,"menu_order":0,"comment_status":"closed","ping_status":"closed","template":"page-templates\/template-pagebuilder-full-width.php","meta":[],"_links":{"self":[{"href":"https:\/\/terraegenesis.org\/index.php?rest_route=\/wp\/v2\/pages\/42"}],"collection":[{"href":"https:\/\/terraegenesis.org\/index.php?rest_route=\/wp\/v2\/pages"}],"about":[{"href":"https:\/\/terraegenesis.org\/index.php?rest_route=\/wp\/v2\/types\/page"}],"author":[{"embeddable":true,"href":"https:\/\/terraegenesis.org\/index.php?rest_route=\/wp\/v2\/users\/3"}],"replies":[{"embeddable":true,"href":"https:\/\/terraegenesis.org\/index.php?rest_route=%2Fwp%2Fv2%2Fcomments&post=42"}],"version-history":[{"count":44,"href":"https:\/\/terraegenesis.org\/index.php?rest_route=\/wp\/v2\/pages\/42\/revisions"}],"predecessor-version":[{"id":4276,"href":"https:\/\/terraegenesis.org\/index.php?rest_route=\/wp\/v2\/pages\/42\/revisions\/4276"}],"wp:attachment":[{"href":"https:\/\/terraegenesis.org\/index.php?rest_route=%2Fwp%2Fv2%2Fmedia&parent=42"}],"curies":[{"name":"wp","href":"https:\/\/api.w.org\/{rel}","templated":true}]}}