{"id":40,"date":"2019-05-09T16:43:04","date_gmt":"2019-05-09T14:43:04","guid":{"rendered":"http:\/\/terraegenesis.org\/?page_id=40"},"modified":"2022-12-16T12:28:04","modified_gmt":"2022-12-16T11:28:04","slug":"en-famille","status":"publish","type":"page","link":"https:\/\/terraegenesis.org\/?page_id=40","title":{"rendered":"En Famille"},"content":{"rendered":"\n<figure class=\"wp-block-image alignfull size-large\"><img decoding=\"async\" loading=\"lazy\" width=\"1024\" height=\"435\" src=\"http:\/\/terraegenesis.org\/wp-content\/uploads\/2022\/12\/Atelier-poterie-pour-les-enfants-aux-Poteries-dAlbi-72-4-1024x435.jpg\" alt=\"\" class=\"wp-image-3453\" srcset=\"https:\/\/terraegenesis.org\/wp-content\/uploads\/2022\/12\/Atelier-poterie-pour-les-enfants-aux-Poteries-dAlbi-72-4-1024x435.jpg 1024w, https:\/\/terraegenesis.org\/wp-content\/uploads\/2022\/12\/Atelier-poterie-pour-les-enfants-aux-Poteries-dAlbi-72-4-300x127.jpg 300w, https:\/\/terraegenesis.org\/wp-content\/uploads\/2022\/12\/Atelier-poterie-pour-les-enfants-aux-Poteries-dAlbi-72-4-768x326.jpg 768w, https:\/\/terraegenesis.org\/wp-content\/uploads\/2022\/12\/Atelier-poterie-pour-les-enfants-aux-Poteries-dAlbi-72-4.jpg 1197w\" sizes=\"(max-width: 1024px) 100vw, 1024px\" \/><\/figure>\n\n\n\n<div style=\"height:50px\" aria-hidden=\"true\" class=\"wp-block-spacer\"><\/div>\n\n\n\n<h2 class=\"has-text-align-center has-text-color\" style=\"color:#55aaff\">En famille<\/h2>\n\n\n\n<h1 class=\"has-text-align-center has-text-color\" style=\"color:#55aaff\">Venez d\u00e9couvrir les merveilles de la Terre en famille !<\/h1>\n\n\n\n<div style=\"height:50px\" aria-hidden=\"true\" class=\"wp-block-spacer\"><\/div>\n\n\n<div class=\"wp-block-image\">\n<figure class=\"aligncenter is-resized\"><img decoding=\"async\" loading=\"lazy\" src=\"http:\/\/terraegenesis.org\/wp-content\/uploads\/2020\/02\/logo-famille-plus.jpg\" alt=\"\" width=\"146\" height=\"134\"\/><\/figure><\/div>\n\n\n<p><\/p>\n\n\n\n<p><\/p>\n\n\n\n<p><\/p>\n\n\n\n<p><\/p>\n\n\n\n<div style=\"height:100px\" aria-hidden=\"true\" class=\"wp-block-spacer\"><\/div>\n\n\n\n<p class=\"has-text-align-center\" style=\"font-size:23px\">Le mus\u00e9e Terrae Genesis propose ateliers de d\u00e9couverte, quiz et jeux pour les enfants.&nbsp;&nbsp;<\/p>\n\n\n\n<div style=\"height:50px\" aria-hidden=\"true\" class=\"wp-block-spacer\"><\/div>\n\n\n\n<h2 class=\"has-text-align-center has-text-color has-large-font-size\" style=\"color:#55aaff\">Atelier de d\u00e9couverte<\/h2>\n\n\n\n<div style=\"height:50px\" aria-hidden=\"true\" class=\"wp-block-spacer\"><\/div>\n\n\n\n<p class=\"has-text-align-center\" style=\"font-size:23px\"><b>Pendant les vacances scolaires<\/b>, nous mettons en place des <strong>ateliers les mardis et jeudis \u00e0 15h.<\/strong><\/p>\n\n\n\n<p class=\"has-text-align-center\" style=\"font-size:23px\">Pendant que les adultes visitent le mus\u00e9e (entr\u00e9e payante), les enfants pourront d\u00e9couvrir l&rsquo;un de nos trois ateliers, encadr\u00e9s par un responsable du Centre.<\/p>\n\n\n\n<p class=\"has-text-align-center\" style=\"font-size:23px\">Le centre se r\u00e9serve le droit d&rsquo;annuler un atelier si le nombre d&rsquo;inscrits est insuffisant.<\/p>\n\n\n\n<h6 class=\"has-text-align-center has-text-color has-medium-font-size\" style=\"color:#55aaff\">Sur r\u00e9servation<\/h6>\n\n\n\n<p class=\"has-text-align-center has-medium-font-size\"><img decoding=\"async\" loading=\"lazy\" width=\"25\" height=\"25\" src=\"http:\/\/terraegenesis.org\/wp-content\/uploads\/2020\/02\/logo-t\u00e9l\u00e9phone2.jpg\" alt=\"\">     <strong>03 29 26 58 10<\/strong><\/p>\n\n\n\n<p class=\"has-text-align-center has-medium-font-size\"> <strong>lemusee@terraegenesis.org<\/strong><\/p>\n\n\n\n<p><\/p>\n\n\n\n<div style=\"height:100px\" aria-hidden=\"true\" class=\"wp-block-spacer\"><\/div>\n\n\n\n<p><\/p>\n\n\n\n<p><\/p>\n\n\n\n<h2 class=\"has-text-align-center has-text-color\" style=\"color:#fba52c;font-size:25px\"><\/h2>\n\n\n\n<div class=\"is-layout-flex wp-container-7 wp-block-columns\">\n<div class=\"is-layout-flow wp-block-column\" style=\"flex-basis:300px\"><\/div>\n\n\n\n<div class=\"is-layout-flow wp-block-column\">\n<div class=\"is-layout-flex wp-container-4 wp-block-columns\">\n<div class=\"is-layout-flow wp-block-column\" style=\"flex-basis:82.3%\">\n<figure class=\"wp-block-image size-large is-resized\"><img decoding=\"async\" loading=\"lazy\" src=\"http:\/\/terraegenesis.org\/wp-content\/uploads\/2022\/12\/Atelier-ecritures-1-1024x768.jpg\" alt=\"\" class=\"wp-image-3584\" width=\"599\" height=\"449\" srcset=\"https:\/\/terraegenesis.org\/wp-content\/uploads\/2022\/12\/Atelier-ecritures-1-1024x768.jpg 1024w, https:\/\/terraegenesis.org\/wp-content\/uploads\/2022\/12\/Atelier-ecritures-1-300x225.jpg 300w, https:\/\/terraegenesis.org\/wp-content\/uploads\/2022\/12\/Atelier-ecritures-1-768x576.jpg 768w, https:\/\/terraegenesis.org\/wp-content\/uploads\/2022\/12\/Atelier-ecritures-1-1536x1152.jpg 1536w, https:\/\/terraegenesis.org\/wp-content\/uploads\/2022\/12\/Atelier-ecritures-1-2048x1536.jpg 2048w\" sizes=\"(max-width: 599px) 100vw, 599px\" \/><\/figure>\n<\/div>\n\n\n\n<div class=\"is-layout-flow wp-block-column\" style=\"flex-basis:60.2%\">\n<div style=\"height:50px\" aria-hidden=\"true\" class=\"wp-block-spacer\"><\/div>\n\n\n\n<p class=\"has-text-align-center has-text-color\" style=\"color:#fba52c;font-size:30px\"><strong>\u00c0 partir de 7 ans : Atelier d&rsquo;\u00e9criture<\/strong><\/p>\n\n\n\n<div style=\"height:50px\" aria-hidden=\"true\" class=\"wp-block-spacer\"><\/div>\n\n\n\n<p class=\"has-text-align-center has-medium-font-size\">Partez \u00e0 la d\u00e9couverte de la civilisation \u00e9gyptienne et m\u00e9sopotamienne avec cet atelier d&rsquo;\u00e9criture.&nbsp;<\/p>\n\n\n\n<p class=\"has-text-align-center has-medium-font-size\">Apprenez \u00e0 dessiner des hi\u00e9roglyphes et \u00e0 tracer sur tablette d&rsquo;argile la myst\u00e9rieuse \u00e9criture cun\u00e9iforme.<\/p>\n<\/div>\n<\/div>\n<\/div>\n\n\n\n<div class=\"is-layout-flow wp-block-column\" style=\"flex-basis:300px\"><\/div>\n<\/div>\n\n\n\n<p class=\"has-text-align-center\"><\/p>\n\n\n\n<div style=\"height:100px\" aria-hidden=\"true\" class=\"wp-block-spacer\"><\/div>\n\n\n\n<p><\/p>\n\n\n\n<div style=\"height:100px\" aria-hidden=\"true\" class=\"wp-block-spacer\"><\/div>\n\n\n\n<div class=\"is-layout-flex wp-container-14 wp-block-columns\">\n<div class=\"is-layout-flow wp-block-column\" style=\"flex-basis:300px\"><\/div>\n\n\n\n<div class=\"is-layout-flow wp-block-column\">\n<div class=\"is-layout-flex wp-container-11 wp-block-columns\">\n<div class=\"is-layout-flow wp-block-column\">\n<div style=\"height:50px\" aria-hidden=\"true\" class=\"wp-block-spacer\"><\/div>\n\n\n\n<h2 class=\"has-text-align-center has-text-color\" style=\"color:#fba52c;font-size:30px\">\u00c0 partir de 5 ans : Atelier argile<\/h2>\n\n\n\n<div style=\"height:50px\" aria-hidden=\"true\" class=\"wp-block-spacer\"><\/div>\n\n\n\n<p class=\"has-text-align-center has-medium-font-size\">Modelez et fa\u00e7onnez vos propres poteries pr\u00e9historiques ou d\u00e9couvrez la pal\u00e9ontologie en reproduisant fossiles et animaux.&nbsp;<\/p>\n<\/div>\n\n\n\n<div class=\"is-layout-flow wp-block-column\">\n<figure class=\"wp-block-image size-large\"><img decoding=\"async\" loading=\"lazy\" width=\"1024\" height=\"768\" src=\"http:\/\/terraegenesis.org\/wp-content\/uploads\/2022\/12\/IMG_1611-1024x768.jpg\" alt=\"\" class=\"wp-image-3585\" srcset=\"https:\/\/terraegenesis.org\/wp-content\/uploads\/2022\/12\/IMG_1611-1024x768.jpg 1024w, https:\/\/terraegenesis.org\/wp-content\/uploads\/2022\/12\/IMG_1611-300x225.jpg 300w, https:\/\/terraegenesis.org\/wp-content\/uploads\/2022\/12\/IMG_1611-768x576.jpg 768w, https:\/\/terraegenesis.org\/wp-content\/uploads\/2022\/12\/IMG_1611-1536x1152.jpg 1536w, https:\/\/terraegenesis.org\/wp-content\/uploads\/2022\/12\/IMG_1611-2048x1536.jpg 2048w\" sizes=\"(max-width: 1024px) 100vw, 1024px\" \/><\/figure>\n<\/div>\n<\/div>\n<\/div>\n\n\n\n<div class=\"is-layout-flow wp-block-column\" style=\"flex-basis:300px\"><\/div>\n<\/div>\n\n\n\n<p><\/p>\n\n\n\n<div style=\"height:100px\" aria-hidden=\"true\" class=\"wp-block-spacer\"><\/div>\n\n\n\n<div class=\"is-layout-flex wp-container-21 wp-block-columns\">\n<div class=\"is-layout-flow wp-block-column\"><\/div>\n\n\n\n<div class=\"is-layout-flow wp-block-column\">\n<div class=\"is-layout-flex wp-container-18 wp-block-columns\">\n<div class=\"is-layout-flow wp-block-column\"><\/div>\n\n\n\n<div class=\"is-layout-flow wp-block-column\"><\/div>\n<\/div>\n<\/div>\n\n\n\n<div class=\"is-layout-flow wp-block-column\"><\/div>\n<\/div>\n\n\n\n<p><\/p>\n\n\n\n<h2 class=\"has-text-align-center has-text-color\" style=\"color:#fba52c;font-size:30px\">\u00c0 partir de 5 ans : Atelier peinture sur galets<\/h2>\n\n\n\n<div style=\"height:50px\" aria-hidden=\"true\" class=\"wp-block-spacer\"><\/div>\n\n\n\n<p class=\"has-text-align-center has-medium-font-size\">Faites preuve de cr\u00e9ativit\u00e9 lors de ce tout nouvel atelier de peinture sur galets. A venir d\u00e9couvrir sans attendre!!<\/p>\n\n\n\n<div style=\"height:50px\" aria-hidden=\"true\" class=\"wp-block-spacer\"><\/div>\n\n\n<div class=\"wp-block-image\">\n<figure class=\"aligncenter is-resized\"><img decoding=\"async\" loading=\"lazy\" src=\"http:\/\/terraegenesis.org\/wp-content\/uploads\/2021\/10\/2917.jpg\" alt=\"\" width=\"519\" height=\"287\"\/><\/figure><\/div>\n\n\n<p><\/p>\n\n\n\n<div style=\"height:100px\" aria-hidden=\"true\" class=\"wp-block-spacer\"><\/div>\n\n\n\n<h2 class=\"has-text-align-center has-text-color has-large-font-size\" style=\"color:#55aaff\">Jeux et Quiz<\/h2>\n\n\n\n<div style=\"height:50px\" aria-hidden=\"true\" class=\"wp-block-spacer\"><\/div>\n\n\n\n<p class=\"has-text-align-center has-medium-font-size\">Apprenez la p\u00e9trologie, la min\u00e9ralogie et la pal\u00e9ontologie en vous amusant. <\/p>\n\n\n\n<p class=\"has-text-align-center has-medium-font-size\">Le mus\u00e9e vous propose plusieurs quiz et jeux \u00e0 d\u00e9couvrir sans plus attendre au centre de g\u00e9ologie Terrae Genesis !<\/p>\n\n\n<div class=\"wp-block-image\">\n<figure class=\"aligncenter is-resized\"><img decoding=\"async\" loading=\"lazy\" src=\"http:\/\/terraegenesis.org\/wp-content\/uploads\/2019\/05\/quiz-1024x464.png\" alt=\"\" width=\"675\" height=\"305\"\/><\/figure><\/div>\n\n\n<div style=\"height:100px\" aria-hidden=\"true\" class=\"wp-block-spacer\"><\/div>\n\n\n<div class=\"wp-block-image\">\n<figure class=\"aligncenter is-resized\"><img decoding=\"async\" loading=\"lazy\" src=\"http:\/\/terraegenesis.org\/wp-content\/uploads\/2020\/02\/img-jeux-mus\u00e9e-bassequalite-1024x768.jpg\" alt=\"\" width=\"675\" height=\"506\"\/><\/figure><\/div>","protected":false},"excerpt":{"rendered":"<p>En famille Venez d\u00e9couvrir les merveilles de la Terre en famille ! Le mus\u00e9e Terrae Genesis propose ateliers de d\u00e9couverte, quiz et jeux pour les enfants.&nbsp;&nbsp; Atelier de d\u00e9couverte Pendant les vacances scolaires, nous mettons en place des ateliers les mardis et jeudis \u00e0 15h. Pendant que les adultes visitent [&hellip;]<\/p>\n","protected":false},"author":3,"featured_media":0,"parent":0,"menu_order":0,"comment_status":"closed","ping_status":"closed","template":"page-templates\/template-pagebuilder-full-width.php","meta":[],"_links":{"self":[{"href":"https:\/\/terraegenesis.org\/index.php?rest_route=\/wp\/v2\/pages\/40"}],"collection":[{"href":"https:\/\/terraegenesis.org\/index.php?rest_route=\/wp\/v2\/pages"}],"about":[{"href":"https:\/\/terraegenesis.org\/index.php?rest_route=\/wp\/v2\/types\/page"}],"author":[{"embeddable":true,"href":"https:\/\/terraegenesis.org\/index.php?rest_route=\/wp\/v2\/users\/3"}],"replies":[{"embeddable":true,"href":"https:\/\/terraegenesis.org\/index.php?rest_route=%2Fwp%2Fv2%2Fcomments&post=40"}],"version-history":[{"count":112,"href":"https:\/\/terraegenesis.org\/index.php?rest_route=\/wp\/v2\/pages\/40\/revisions"}],"predecessor-version":[{"id":3682,"href":"https:\/\/terraegenesis.org\/index.php?rest_route=\/wp\/v2\/pages\/40\/revisions\/3682"}],"wp:attachment":[{"href":"https:\/\/terraegenesis.org\/index.php?rest_route=%2Fwp%2Fv2%2Fmedia&parent=40"}],"curies":[{"name":"wp","href":"https:\/\/api.w.org\/{rel}","templated":true}]}}