{"id":20,"date":"2019-05-09T16:16:00","date_gmt":"2019-05-09T14:16:00","guid":{"rendered":"http:\/\/terraegenesis.org\/?page_id=20"},"modified":"2025-09-08T15:54:34","modified_gmt":"2025-09-08T13:54:34","slug":"conferences","status":"publish","type":"page","link":"https:\/\/terraegenesis.org\/?page_id=20","title":{"rendered":"Conf\u00e9rences"},"content":{"rendered":"\n<figure class=\"wp-block-image alignfull size-large\"><img decoding=\"async\" loading=\"lazy\" width=\"1024\" height=\"431\" src=\"http:\/\/terraegenesis.org\/wp-content\/uploads\/2022\/12\/r5-1024x431.jpg\" alt=\"\" class=\"wp-image-3081\" srcset=\"https:\/\/terraegenesis.org\/wp-content\/uploads\/2022\/12\/r5-1024x431.jpg 1024w, https:\/\/terraegenesis.org\/wp-content\/uploads\/2022\/12\/r5-300x126.jpg 300w, https:\/\/terraegenesis.org\/wp-content\/uploads\/2022\/12\/r5-768x324.jpg 768w, https:\/\/terraegenesis.org\/wp-content\/uploads\/2022\/12\/r5-1536x647.jpg 1536w, https:\/\/terraegenesis.org\/wp-content\/uploads\/2022\/12\/r5-2048x863.jpg 2048w\" sizes=\"(max-width: 1024px) 100vw, 1024px\" \/><\/figure>\n\n\n\n<div style=\"height:50px\" aria-hidden=\"true\" class=\"wp-block-spacer\"><\/div>\n\n\n\n<h2 class=\"has-text-align-center has-x-large-font-size has-text-color\" style=\"color:#55aaff\">Conf\u00e9rences<\/h2>\n\n\n\n<h2 class=\"has-text-align-center has-text-color\" style=\"color:#4f4f4f;font-size:30px\">Programme de la saison 2025-2026<\/h2>\n\n\n\n<div style=\"height:50px\" aria-hidden=\"true\" class=\"wp-block-spacer\"><\/div>\n\n\n\n<h5 class=\"has-text-align-center has-large-font-size\"><\/h5>\n\n\n\n<div class=\"is-layout-flex wp-container-3 wp-block-columns\">\n<div class=\"is-layout-flow wp-block-column\" style=\"flex-basis:19%\"><\/div>\n\n\n\n<div class=\"is-layout-flow wp-block-column\" style=\"flex-basis:66.66%\">\n<p class=\"has-text-color\" style=\"color:#55aaff;font-size:25px\"><\/p>\n\n\n\n<h5 class=\"has-text-color\" style=\"color:#55aaff;font-size:25px\">De la Cleurie \u00e0 la Haute-Ard\u00e8che : les migmatites.<\/h5>\n\n\n\n<p class=\"has-medium-font-size\"><strong>Par Pierre BARBEY, le dimanche 12 octobre 2025 \u00e0 16 heures.<\/strong><\/p>\n\n\n\n<p class=\"has-medium-font-size\">Pierre BARBEY est professeur \u00e9m\u00e9rite de l\u2019Universit\u00e9 de Lorraine. Il travaille encore aujourd\u2019hui en collaboration avec le CNRS-CRPG de Nancy. C\u2019est un sp\u00e9cialiste reconnu et appr\u00e9ci\u00e9 de la dynamique de la cro\u00fbte continentale incluant ses processus magmatiques et m\u00e9tamorphiques. Cette fois encore, il se passe de dr\u00f4les de choses l\u00e0-dessous \u2026<\/p>\n\n\n\n<div style=\"height:30px\" aria-hidden=\"true\" class=\"wp-block-spacer\"><\/div>\n\n\n\n<h5 class=\"has-text-color\" style=\"color:#55aaff;font-size:25px\">L\u2019exploitation mini\u00e8re des fonds marins : fantasme ou r\u00e9alit\u00e9 ?<\/h5>\n\n\n\n<p class=\"has-medium-font-size\"><strong>Par<\/strong>\u00a0<strong>Jean-Louis CARDINI<\/strong>, <strong>le<\/strong>\u00a0<strong>dimanche 16 novembre 2025 \u00e0 16 heures<\/strong>.<\/p>\n\n\n\n<p class=\"has-medium-font-size\">Jean-Louis CARDINI poss\u00e8de plus de 40 ann\u00e9es d\u2019exp\u00e9rience industrielle dans le domaine des ressources min\u00e9rales naturelles. Il a \u00e9t\u00e9 directeur des processus miniers du groupe IMERYS, leader mondial des sp\u00e9cialit\u00e9s min\u00e9rales pour l\u2019industrie. Aujourd\u2019hui membre du Centre de G\u00e9ologie et consultant actif, il a l\u2019art de rapprocher la g\u00e9ologie de notre quotidien &#8230;<\/p>\n\n\n\n<div style=\"height:35px\" aria-hidden=\"true\" class=\"wp-block-spacer\"><\/div>\n\n\n\n<h5 class=\"has-text-color\" style=\"color:#55aaff;font-size:25px\">Naissance et vie d\u2019un oc\u00e9an.<\/h5>\n\n\n\n<p class=\"has-medium-font-size\"><strong>Par Lyd\u00e9ric FRANCE, le dimanche 14 d\u00e9cembre 2025 \u00e0 16<\/strong> <strong>heures<\/strong><\/p>\n\n\n\n<p class=\"has-medium-font-size\">Lyd\u00e9ric FRANCE est professeur de l\u2019Universit\u00e9 de Lorraine et chercheur au CNRS-CRPG de Nancy. Investi dans le programme MUSH-OCEAN, il propose des avanc\u00e9es majeures dans la compr\u00e9hension des syst\u00e8mes magmatiques oc\u00e9aniques qui repr\u00e9sentent environ les deux tiers du bilan magmatique terrestre \u2026<\/p>\n\n\n\n<div style=\"height:31px\" aria-hidden=\"true\" class=\"wp-block-spacer\"><\/div>\n\n\n\n<h5 class=\"has-text-color\" style=\"color:#55aaff;font-size:25px\">Kiruna, Su\u00e8de : la plus importante mine souterraine de fer du monde.<\/h5>\n\n\n\n<p class=\"has-medium-font-size\"><strong>Par Sean G\u00c9HIN, le dimanche 11 janvier 2026 \u00e0 16 heures.<\/strong><\/p>\n\n\n\n<p class=\"has-medium-font-size\">Sean GEHIN est un g\u00e9ologue m\u00e9tallog\u00e9niste sp\u00e9cialis\u00e9 dans l\u2019exploration. Depuis ses Vosges natales, il travaille aujourd\u2019hui dans la plus importante mine souterraine de fer du monde en Su\u00e8de. Il vient nous faire d\u00e9couvrir ce monde gigantesque, o\u00f9 d\u00e9placer une ville fait partie du mode de vie, mais aussi partager avec nous son quotidien sur ou sous le sol \u2026<\/p>\n\n\n\n<div style=\"height:30px\" aria-hidden=\"true\" class=\"wp-block-spacer\"><\/div>\n\n\n\n<h5 class=\"has-text-color\" style=\"color:#55aaff;font-size:25px\">Le lithium de Beauvoir.<\/h5>\n\n\n\n<p class=\"has-medium-font-size\"><strong>Par Nicolas ESTEVES, le dimanche 1er f\u00e9vrier 2026 \u00e0 16 heures.<\/strong><\/p>\n\n\n\n<p class=\"has-medium-font-size\">Nicolas ESTEVES vient d\u2019obtenir son doctorat au CNRS-CRPG de Nancy portant sur les roches et la composition du granite de Beauvoir (Allier) sous la direction de Pierre BOUILHOL et Lyd\u00e9ric FRANCE. Ce site est au centre des ambitions industrielles fran\u00e7aises quant \u00e0 sa capacit\u00e9 \u00e0 produire son propre lithium. La soci\u00e9t\u00e9 Im\u00e9rys pr\u00e9voit sa mise en exploitation d\u00e8s 2030 \u2026<br>\u00a0<\/p>\n\n\n\n<p><\/p>\n<\/div>\n<\/div>\n\n\n\n<div style=\"height:50px\" aria-hidden=\"true\" class=\"wp-block-spacer\"><\/div>\n\n\n\n<div class=\"is-layout-flex wp-block-buttons\">\n<div class=\"wp-block-button aligncenter\"><a class=\"wp-block-button__link wp-element-button\" href=\"http:\/\/terraegenesis.org\/?page_id=66\" target=\"_blank\" rel=\"noreferrer noopener\">Archives conf\u00e9rences<\/a><\/div>\n<\/div>\n\n\n\n<p><\/p>\n\n\n\n<p class=\"has-text-align-center has-medium-font-size\"><\/p>\n","protected":false},"excerpt":{"rendered":"<p>Conf\u00e9rences Programme de la saison 2025-2026 De la Cleurie \u00e0 la Haute-Ard\u00e8che : les migmatites. Par Pierre BARBEY, le dimanche 12 octobre 2025 \u00e0 16 heures. Pierre BARBEY est professeur \u00e9m\u00e9rite de l\u2019Universit\u00e9 de Lorraine. Il travaille encore aujourd\u2019hui en collaboration avec le CNRS-CRPG de Nancy. C\u2019est un sp\u00e9cialiste reconnu [&hellip;]<\/p>\n","protected":false},"author":3,"featured_media":0,"parent":0,"menu_order":0,"comment_status":"closed","ping_status":"closed","template":"page-templates\/template-pagebuilder-full-width.php","meta":[],"_links":{"self":[{"href":"https:\/\/terraegenesis.org\/index.php?rest_route=\/wp\/v2\/pages\/20"}],"collection":[{"href":"https:\/\/terraegenesis.org\/index.php?rest_route=\/wp\/v2\/pages"}],"about":[{"href":"https:\/\/terraegenesis.org\/index.php?rest_route=\/wp\/v2\/types\/page"}],"author":[{"embeddable":true,"href":"https:\/\/terraegenesis.org\/index.php?rest_route=\/wp\/v2\/users\/3"}],"replies":[{"embeddable":true,"href":"https:\/\/terraegenesis.org\/index.php?rest_route=%2Fwp%2Fv2%2Fcomments&post=20"}],"version-history":[{"count":72,"href":"https:\/\/terraegenesis.org\/index.php?rest_route=\/wp\/v2\/pages\/20\/revisions"}],"predecessor-version":[{"id":4861,"href":"https:\/\/terraegenesis.org\/index.php?rest_route=\/wp\/v2\/pages\/20\/revisions\/4861"}],"wp:attachment":[{"href":"https:\/\/terraegenesis.org\/index.php?rest_route=%2Fwp%2Fv2%2Fmedia&parent=20"}],"curies":[{"name":"wp","href":"https:\/\/api.w.org\/{rel}","templated":true}]}}