{"id":16,"date":"2019-05-09T16:15:18","date_gmt":"2019-05-09T14:15:18","guid":{"rendered":"http:\/\/terraegenesis.org\/?page_id=16"},"modified":"2023-09-26T10:34:08","modified_gmt":"2023-09-26T08:34:08","slug":"boutique","status":"publish","type":"page","link":"https:\/\/terraegenesis.org\/?page_id=16","title":{"rendered":"Boutique"},"content":{"rendered":"\n<figure class=\"wp-block-image alignfull size-large\"><img decoding=\"async\" loading=\"lazy\" width=\"1024\" height=\"431\" src=\"http:\/\/terraegenesis.org\/wp-content\/uploads\/2019\/05\/cropped-b1-1024x431.jpg\" alt=\"\" class=\"wp-image-2914\" srcset=\"https:\/\/terraegenesis.org\/wp-content\/uploads\/2019\/05\/cropped-b1-1024x431.jpg 1024w, https:\/\/terraegenesis.org\/wp-content\/uploads\/2019\/05\/cropped-b1-300x126.jpg 300w, https:\/\/terraegenesis.org\/wp-content\/uploads\/2019\/05\/cropped-b1-768x323.jpg 768w, https:\/\/terraegenesis.org\/wp-content\/uploads\/2019\/05\/cropped-b1-1536x647.jpg 1536w, https:\/\/terraegenesis.org\/wp-content\/uploads\/2019\/05\/cropped-b1.jpg 2000w\" sizes=\"(max-width: 1024px) 100vw, 1024px\" \/><\/figure>\n\n\n\n<div style=\"height:50px\" aria-hidden=\"true\" class=\"wp-block-spacer\"><\/div>\n\n\n\n<h1 class=\"alignwide has-text-align-center has-text-color\" style=\"color:#55aaff\">                                                     Notre boutique<\/h1>\n\n\n\n<h6 class=\"has-text-align-center\">Pour faire plaisir ou pour vous faire plaisir<\/h6>\n\n\n\n<div style=\"height:50px\" aria-hidden=\"true\" class=\"wp-block-spacer\"><\/div>\n\n\n\n<h6 class=\"has-text-align-center\" style=\"font-size:19px\">Vous trouverez :&nbsp;<\/h6>\n\n\n\n<p class=\"has-text-align-center has-medium-font-size\">Un grand choix de min\u00e9raux, de fossiles et de roches.<\/p>\n\n\n\n<p class=\"has-text-align-center has-medium-font-size\">Des bijoux fantaisie ainsi que des cr\u00e9ations r\u00e9alis\u00e9es dans nos ateliers.<\/p>\n\n\n\n<p class=\"has-text-align-center has-medium-font-size\">Des sculptures et objets r\u00e9alis\u00e9s dans une grande diversit\u00e9 de min\u00e9raux venant du monde entier.<\/p>\n\n\n\n<div style=\"height:100px\" aria-hidden=\"true\" class=\"wp-block-spacer\"><\/div>\n\n\n\n<h6 class=\"has-text-align-center\" style=\"font-size:19px\">Diff\u00e9rents supports p\u00e9dagogiques :<\/h6>\n\n\n\n<p class=\"has-text-align-center has-medium-font-size\">Triangles de classification.<\/p>\n\n\n\n<p class=\"has-text-align-center has-medium-font-size\">Affiches et posters des temps g\u00e9ologiques.<\/p>\n\n\n\n<p class=\"has-text-align-center has-medium-font-size\">Lames minces didactiques en coffret ou \u00e0 la demande.<\/p>\n\n\n\n<div style=\"height:100px\" aria-hidden=\"true\" class=\"wp-block-spacer\"><\/div>\n\n\n\n<h6 class=\"has-text-align-center\" style=\"font-size:19px\">Librairie<strong> :<\/strong><\/h6>\n\n\n\n<p class=\"has-text-align-center has-medium-font-size\">Ouvrages sur les min\u00e9raux, les fossiles, l&rsquo;histoire du granite.<\/p>\n\n\n\n<p class=\"has-text-align-center has-medium-font-size\">Guides g\u00e9ologiques.<\/p>\n\n\n\n<p class=\"has-text-align-center has-medium-font-size\">Dictionnaires g\u00e9ologiques.<\/p>\n\n\n\n<p class=\"has-text-align-center has-medium-font-size\">Cartes g\u00e9ologiques du BRGM<\/p>\n\n\n\n<div style=\"height:100px\" aria-hidden=\"true\" class=\"wp-block-spacer\"><\/div>\n\n\n\n<h6 class=\"has-text-align-center\" style=\"font-size:19px\"> DVD :<\/h6>\n\n\n\n<div style=\"height:56px\" aria-hidden=\"true\" class=\"wp-block-spacer\"><\/div>\n\n\n\n<div class=\"is-layout-flex wp-container-4 wp-block-columns\">\n<div class=\"is-layout-flow wp-block-column\"><\/div>\n\n\n\n<div class=\"is-layout-flow wp-block-column\"><div class=\"wp-block-image\">\n<figure class=\"aligncenter size-large is-resized\"><img decoding=\"async\" loading=\"lazy\" src=\"http:\/\/terraegenesis.org\/wp-content\/uploads\/2022\/12\/blg-1-741x1024.jpg\" alt=\"\" class=\"wp-image-2995\" width=\"242\" height=\"334\" srcset=\"https:\/\/terraegenesis.org\/wp-content\/uploads\/2022\/12\/blg-1-741x1024.jpg 741w, https:\/\/terraegenesis.org\/wp-content\/uploads\/2022\/12\/blg-1-217x300.jpg 217w, https:\/\/terraegenesis.org\/wp-content\/uploads\/2022\/12\/blg-1-768x1061.jpg 768w, https:\/\/terraegenesis.org\/wp-content\/uploads\/2022\/12\/blg-1-1112x1536.jpg 1112w, https:\/\/terraegenesis.org\/wp-content\/uploads\/2022\/12\/blg-1-1482x2048.jpg 1482w, https:\/\/terraegenesis.org\/wp-content\/uploads\/2022\/12\/blg-1.jpg 1544w\" sizes=\"(max-width: 242px) 100vw, 242px\" \/><figcaption class=\"wp-element-caption\">Film retra\u00e7ant l&rsquo;exploitation et le travail du granit dans les ann\u00e9es 1950.<\/figcaption><\/figure><\/div><\/div>\n\n\n\n<div class=\"is-layout-flow wp-block-column\"><\/div>\n<\/div>\n\n\n\n<p class=\"has-text-align-center\"><\/p>\n\n\n\n<div style=\"height:67px\" aria-hidden=\"true\" class=\"wp-block-spacer\"><\/div>\n\n\n\n<h6 class=\"has-text-align-center\" style=\"font-size:19px\">Nos Ouvrages<\/h6>\n\n\n\n<p class=\"has-text-align-center has-medium-font-size\">Formation en g\u00e9ologie, ouvrage unique et convivial !<\/p>\n\n\n\n<div style=\"height:60px\" aria-hidden=\"true\" class=\"wp-block-spacer\"><\/div>\n\n\n\n<div class=\"is-layout-flex wp-container-12 wp-block-columns are-vertically-aligned-top\">\n<div class=\"is-layout-flow wp-block-column\" style=\"flex-basis:184px\"><\/div>\n\n\n\n<div class=\"is-layout-flow wp-block-column is-vertically-aligned-top\"><div class=\"wp-block-image\">\n<figure class=\"aligncenter size-large is-resized\"><img decoding=\"async\" loading=\"lazy\" src=\"http:\/\/terraegenesis.org\/wp-content\/uploads\/2022\/08\/Isidore-Couv-672x1024.jpg\" alt=\"\" class=\"wp-image-2835\" width=\"195\" height=\"297\" srcset=\"https:\/\/terraegenesis.org\/wp-content\/uploads\/2022\/08\/Isidore-Couv-672x1024.jpg 672w, https:\/\/terraegenesis.org\/wp-content\/uploads\/2022\/08\/Isidore-Couv-197x300.jpg 197w, https:\/\/terraegenesis.org\/wp-content\/uploads\/2022\/08\/Isidore-Couv-768x1171.jpg 768w, https:\/\/terraegenesis.org\/wp-content\/uploads\/2022\/08\/Isidore-Couv.jpg 1860w\" sizes=\"(max-width: 195px) 100vw, 195px\" \/><\/figure><\/div><\/div>\n\n\n\n<div class=\"is-layout-flow wp-block-column is-vertically-aligned-top\"><div class=\"wp-block-image\">\n<figure class=\"aligncenter size-large is-resized\"><img decoding=\"async\" loading=\"lazy\" src=\"http:\/\/terraegenesis.org\/wp-content\/uploads\/2019\/05\/bljpg-741x1024.jpg\" alt=\"\" class=\"wp-image-370\" width=\"216\" height=\"299\" srcset=\"https:\/\/terraegenesis.org\/wp-content\/uploads\/2019\/05\/bljpg-741x1024.jpg 741w, https:\/\/terraegenesis.org\/wp-content\/uploads\/2019\/05\/bljpg-217x300.jpg 217w, https:\/\/terraegenesis.org\/wp-content\/uploads\/2019\/05\/bljpg-768x1061.jpg 768w, https:\/\/terraegenesis.org\/wp-content\/uploads\/2019\/05\/bljpg.jpg 1768w\" sizes=\"(max-width: 216px) 100vw, 216px\" \/><\/figure><\/div><\/div>\n\n\n\n<div class=\"is-layout-flow wp-block-column is-vertically-aligned-top\" style=\"flex-basis:255px\"><div class=\"wp-block-image\">\n<figure class=\"aligncenter size-full is-resized\"><img decoding=\"async\" loading=\"lazy\" src=\"http:\/\/terraegenesis.org\/wp-content\/uploads\/2020\/09\/Couv-2\u00e8me-\u00e9dition-2.jpg\" alt=\"\" class=\"wp-image-2464\" width=\"189\" height=\"289\"\/><\/figure><\/div><\/div>\n\n\n\n<div class=\"is-layout-flow wp-block-column\"><div class=\"wp-block-image\">\n<figure class=\"aligncenter size-large is-resized\"><img decoding=\"async\" loading=\"lazy\" src=\"http:\/\/terraegenesis.org\/wp-content\/uploads\/2020\/10\/couv-granit-fran\u00e7ois-durand-742x1024.jpg\" alt=\"\" class=\"wp-image-2496\" width=\"218\" height=\"301\" srcset=\"https:\/\/terraegenesis.org\/wp-content\/uploads\/2020\/10\/couv-granit-fran\u00e7ois-durand-742x1024.jpg 742w, https:\/\/terraegenesis.org\/wp-content\/uploads\/2020\/10\/couv-granit-fran\u00e7ois-durand-217x300.jpg 217w, https:\/\/terraegenesis.org\/wp-content\/uploads\/2020\/10\/couv-granit-fran\u00e7ois-durand-768x1060.jpg 768w, https:\/\/terraegenesis.org\/wp-content\/uploads\/2020\/10\/couv-granit-fran\u00e7ois-durand.jpg 938w\" sizes=\"(max-width: 218px) 100vw, 218px\" \/><\/figure><\/div><\/div>\n\n\n\n<div class=\"is-layout-flow wp-block-column\"><div class=\"wp-block-image\">\n<figure class=\"aligncenter size-full is-resized\"><img decoding=\"async\" loading=\"lazy\" src=\"http:\/\/terraegenesis.org\/wp-content\/uploads\/2020\/10\/Couv-Cleurie-150-ans-apr\u00e8s-Thiriat-2.jpg\" alt=\"\" class=\"wp-image-2498\" width=\"231\" height=\"302\" srcset=\"https:\/\/terraegenesis.org\/wp-content\/uploads\/2020\/10\/Couv-Cleurie-150-ans-apr\u00e8s-Thiriat-2.jpg 350w, https:\/\/terraegenesis.org\/wp-content\/uploads\/2020\/10\/Couv-Cleurie-150-ans-apr\u00e8s-Thiriat-2-230x300.jpg 230w\" sizes=\"(max-width: 231px) 100vw, 231px\" \/><\/figure><\/div><\/div>\n\n\n\n<div class=\"is-layout-flow wp-block-column\" style=\"flex-basis:184px\"><\/div>\n<\/div>\n\n\n\n<div style=\"height:50px\" aria-hidden=\"true\" class=\"wp-block-spacer\"><\/div>\n\n\n\n<div class=\"is-layout-flex wp-container-14 wp-block-columns\">\n<div class=\"is-layout-flow wp-block-column\"><\/div>\n<\/div>\n\n\n\n<p class=\"has-text-align-center has-medium-font-size\"><br><\/p>\n\n\n\n<div class=\"is-layout-flex wp-block-buttons\">\n<div class=\"wp-block-button aligncenter\"><a class=\"wp-block-button__link wp-element-button\" href=\"http:\/\/terraegenesis.org\/wp-content\/uploads\/2022\/08\/Bon-de-commande-ouvrage-2.pdf\" target=\"_blank\" rel=\"noreferrer noopener\">PASSER COMMANDE<\/a><\/div>\n<\/div>\n","protected":false},"excerpt":{"rendered":"<p>Notre boutique Pour faire plaisir ou pour vous faire plaisir Vous trouverez :&nbsp; Un grand choix de min\u00e9raux, de fossiles et de roches. Des bijoux fantaisie ainsi que des cr\u00e9ations r\u00e9alis\u00e9es dans nos ateliers. Des sculptures et objets r\u00e9alis\u00e9s dans une grande diversit\u00e9 de min\u00e9raux venant du monde entier. Diff\u00e9rents [&hellip;]<\/p>\n","protected":false},"author":3,"featured_media":0,"parent":0,"menu_order":0,"comment_status":"closed","ping_status":"closed","template":"page-templates\/template-pagebuilder-full-width.php","meta":[],"_links":{"self":[{"href":"https:\/\/terraegenesis.org\/index.php?rest_route=\/wp\/v2\/pages\/16"}],"collection":[{"href":"https:\/\/terraegenesis.org\/index.php?rest_route=\/wp\/v2\/pages"}],"about":[{"href":"https:\/\/terraegenesis.org\/index.php?rest_route=\/wp\/v2\/types\/page"}],"author":[{"embeddable":true,"href":"https:\/\/terraegenesis.org\/index.php?rest_route=\/wp\/v2\/users\/3"}],"replies":[{"embeddable":true,"href":"https:\/\/terraegenesis.org\/index.php?rest_route=%2Fwp%2Fv2%2Fcomments&post=16"}],"version-history":[{"count":87,"href":"https:\/\/terraegenesis.org\/index.php?rest_route=\/wp\/v2\/pages\/16\/revisions"}],"predecessor-version":[{"id":4684,"href":"https:\/\/terraegenesis.org\/index.php?rest_route=\/wp\/v2\/pages\/16\/revisions\/4684"}],"wp:attachment":[{"href":"https:\/\/terraegenesis.org\/index.php?rest_route=%2Fwp%2Fv2%2Fmedia&parent=16"}],"curies":[{"name":"wp","href":"https:\/\/api.w.org\/{rel}","templated":true}]}}