{"id":66,"date":"2019-05-09T16:47:43","date_gmt":"2019-05-09T14:47:43","guid":{"rendered":"http:\/\/terraegenesis.org\/?page_id=66"},"modified":"2025-09-08T15:39:56","modified_gmt":"2025-09-08T13:39:56","slug":"archive-conferences","status":"publish","type":"page","link":"http:\/\/terraegenesis.org\/?page_id=66","title":{"rendered":"Archive Conf\u00e9rences"},"content":{"rendered":"\n<div style=\"height:50px\" aria-hidden=\"true\" class=\"wp-block-spacer\"><\/div>\n\n\n\n<h2 class=\"has-text-align-center has-text-color\" style=\"color:#55aaff\">Archives conf\u00e9rences<\/h2>\n\n\n\n<div style=\"height:50px\" aria-hidden=\"true\" class=\"wp-block-spacer\"><\/div>\n\n\n\n<div class=\"is-layout-flex wp-container-4 wp-block-columns\">\n<div class=\"is-layout-flow wp-block-column\" style=\"flex-basis:25%\"><\/div>\n\n\n\n<div class=\"is-layout-flow wp-block-column\" style=\"flex-basis:25%\"><\/div>\n\n\n\n<div class=\"is-layout-flow wp-block-column has-medium-font-size\" style=\"flex-basis:100%\">\n<p><\/p>\n\n\n\n<p><a href=\"http:\/\/terraegenesis.org\/wp-content\/uploads\/2025\/09\/Programme-des-CONFERENCES-de-la-saison-2024-2025.pdf\" data-type=\"URL\">Programme des conf\u00e9rences de la saison 2024-2025<\/a><\/p>\n\n\n\n<p><a href=\"http:\/\/terraegenesis.org\/wp-content\/uploads\/2024\/09\/Programme-des-CONFERENCES-de-la-saison-2023-2024.pdf\">Programme des conf\u00e9rences de la saison 2023-2024<\/a><\/p>\n\n\n\n<p><a href=\"http:\/\/terraegenesis.org\/wp-content\/uploads\/2022\/11\/Programme-des-CONFERENCES-de-la-saison-2022-2023-1.pdf\" data-type=\"URL\" data-id=\"http:\/\/terraegenesis.org\/wp-content\/uploads\/2022\/11\/Programme-des-CONFERENCES-de-la-saison-2022-2023-1.pdf\">Programme des conf\u00e9rences de la saison 2022-20<\/a><a href=\"http:\/\/terraegenesis.org\/wp-content\/uploads\/2022\/11\/Programme-des-CONFERENCES-de-la-saison-2022-2023-1.pdf\">23<\/a><\/p>\n\n\n\n<p><a href=\"http:\/\/terraegenesis.org\/wp-content\/uploads\/2019\/05\/Programme-des-CONFERENCES-de-la-saison-2018-2019.pdf\">Programme des conf\u00e9rences de la saison 2018 2019<\/a><\/p>\n\n\n\n<p><a href=\"http:\/\/terraegenesis.org\/wp-content\/uploads\/2019\/05\/Programme-des-CONFERENCES-de-la-saison-2017-2018.pdf\">Programme des conf\u00e9rences de la saison 2017 2018<\/a><\/p>\n\n\n\n<p><a href=\"http:\/\/terraegenesis.org\/wp-content\/uploads\/2019\/05\/Programme-des-CONFERENCES-de-la-saison-2016-2017.pdf\">Programme des conf\u00e9rences de la saison 2016 2017<\/a><\/p>\n\n\n\n<p><a href=\"http:\/\/terraegenesis.org\/wp-content\/uploads\/2019\/12\/Programme-des-CONFERENCES-de-la-saison-2015-2016.pdf\">Programme des conf\u00e9rences de la saison 2015 2016<\/a><\/p>\n\n\n\n<p><a href=\"http:\/\/terraegenesis.org\/wp-content\/uploads\/2019\/05\/Programme-des-Conf\u00e9rence-de-la-saison-2014-2015.pdf\">Programme des conf\u00e9rences de la saison 2014 2015<\/a><\/p>\n\n\n\n<p><a href=\"http:\/\/terraegenesis.org\/wp-content\/uploads\/2019\/12\/Programme-des-CONFERENCES-de-la-saison-2013-2014.pdf\">Programme des conf\u00e9rences de la saison 2013 2014<\/a><\/p>\n\n\n\n<p><a href=\"http:\/\/terraegenesis.org\/wp-content\/uploads\/2019\/05\/Programme-des-CONFERENCES-de-la-saison-2012-2013.pdf\">Programme des conf\u00e9rences de la saison 2012 2013<\/a><\/p>\n\n\n\n<p><a href=\"http:\/\/terraegenesis.org\/wp-content\/uploads\/2019\/12\/Programme-des-CONFERENCES-de-la-saison-2011-2012.pdf\">Programme des conf\u00e9rences de la saison 2011 2012<\/a><\/p>\n\n\n\n<p><a href=\"http:\/\/terraegenesis.org\/wp-content\/uploads\/2019\/12\/Programme-des-CONFERENCES-de-la-saison-2010-2011.pdf\">Programme des conf\u00e9rences de la saison 2010 2011<\/a><\/p>\n\n\n\n<p><a href=\"http:\/\/terraegenesis.org\/wp-content\/uploads\/2019\/12\/Programme-des-CONFERENCES-de-la-saison-2009-2010.pdf\">Programme des conf\u00e9rences de la saison 2009 2010<\/a><\/p>\n<\/div>\n<\/div>\n","protected":false},"excerpt":{"rendered":"<p>Archives conf\u00e9rences Programme des conf\u00e9rences de la saison 2024-2025 Programme des conf\u00e9rences de la saison 2023-2024 Programme des conf\u00e9rences de la saison 2022-2023 Programme des conf\u00e9rences de la saison 2018 2019 Programme des conf\u00e9rences de la saison 2017 2018 Programme des conf\u00e9rences de la saison 2016 2017 Programme des conf\u00e9rences [&hellip;]<\/p>\n","protected":false},"author":3,"featured_media":0,"parent":20,"menu_order":0,"comment_status":"closed","ping_status":"closed","template":"page-templates\/template-pagebuilder-full-width.php","meta":[],"_links":{"self":[{"href":"http:\/\/terraegenesis.org\/index.php?rest_route=\/wp\/v2\/pages\/66"}],"collection":[{"href":"http:\/\/terraegenesis.org\/index.php?rest_route=\/wp\/v2\/pages"}],"about":[{"href":"http:\/\/terraegenesis.org\/index.php?rest_route=\/wp\/v2\/types\/page"}],"author":[{"embeddable":true,"href":"http:\/\/terraegenesis.org\/index.php?rest_route=\/wp\/v2\/users\/3"}],"replies":[{"embeddable":true,"href":"http:\/\/terraegenesis.org\/index.php?rest_route=%2Fwp%2Fv2%2Fcomments&post=66"}],"version-history":[{"count":35,"href":"http:\/\/terraegenesis.org\/index.php?rest_route=\/wp\/v2\/pages\/66\/revisions"}],"predecessor-version":[{"id":4859,"href":"http:\/\/terraegenesis.org\/index.php?rest_route=\/wp\/v2\/pages\/66\/revisions\/4859"}],"up":[{"embeddable":true,"href":"http:\/\/terraegenesis.org\/index.php?rest_route=\/wp\/v2\/pages\/20"}],"wp:attachment":[{"href":"http:\/\/terraegenesis.org\/index.php?rest_route=%2Fwp%2Fv2%2Fmedia&parent=66"}],"curies":[{"name":"wp","href":"https:\/\/api.w.org\/{rel}","templated":true}]}}